{"id":21,"date":"2020-06-15T04:24:10","date_gmt":"2020-06-15T04:24:10","guid":{"rendered":"http:\/\/thuocnam.muathemedep.vn\/?page_id=21"},"modified":"2020-06-15T16:57:14","modified_gmt":"2020-06-15T16:57:14","slug":"gioi-thieu","status":"publish","type":"page","link":"https:\/\/webthuocnam.vidoweb.vn\/?page_id=21","title":{"rendered":"Gi\u1edbi thi\u1ec7u"},"content":{"rendered":"\t<div class=\"img has-hover x md-x lg-x y md-y lg-y\" id=\"image_769504106\">\n\t\t\t\t\t\t\t\t<div class=\"img-inner dark\" >\n\t\t\t<img loading=\"lazy\" decoding=\"async\" width=\"1020\" height=\"239\" src=\"https:\/\/webthuocnam.vidoweb.vn\/wp-content\/uploads\/2020\/06\/slider_1-1024x240.png\" class=\"attachment-large size-large\" alt=\"\" srcset=\"https:\/\/webthuocnam.vidoweb.vn\/wp-content\/uploads\/2020\/06\/slider_1-1024x240.png 1024w, https:\/\/webthuocnam.vidoweb.vn\/wp-content\/uploads\/2020\/06\/slider_1-510x119.png 510w, https:\/\/webthuocnam.vidoweb.vn\/wp-content\/uploads\/2020\/06\/slider_1-300x70.png 300w, https:\/\/webthuocnam.vidoweb.vn\/wp-content\/uploads\/2020\/06\/slider_1-768x180.png 768w, https:\/\/webthuocnam.vidoweb.vn\/wp-content\/uploads\/2020\/06\/slider_1-24x6.png 24w, https:\/\/webthuocnam.vidoweb.vn\/wp-content\/uploads\/2020\/06\/slider_1-36x8.png 36w, https:\/\/webthuocnam.vidoweb.vn\/wp-content\/uploads\/2020\/06\/slider_1-48x11.png 48w, https:\/\/webthuocnam.vidoweb.vn\/wp-content\/uploads\/2020\/06\/slider_1.png 1366w\" sizes=\"auto, (max-width: 1020px) 100vw, 1020px\" \/>\t\t\t\t\t\t\n\t\t\t\t\t<\/div>\n\t\t\t\t\t\t\t\t\n<style>\n#image_769504106 {\n  width: 100%;\n}\n<\/style>\n\t<\/div>\n\t\n\t<section class=\"section gioi-thieu-section-page\" id=\"section_149294847\">\n\t\t<div class=\"bg section-bg fill bg-fill  bg-loaded\" >\n\n\t\t\t\n\t\t\t\n\t\t\t\n\n\t\t<\/div>\n\n\t\t\n\n\t\t<div class=\"section-content relative\">\n\t\t\t\n<div class=\"row row-small\"  id=\"row-1882467261\">\n\n\t<div id=\"col-1844092200\" class=\"col small-12 large-12\"  >\n\t\t\t\t<div class=\"col-inner\"  >\n\t\t\t\n\t\t\t\n<h2 style=\"text-align: center;\">Gi\u1edbi thi\u1ec7u v\u1ec1 <span style=\"color: #005d1c;\"><strong>D\u01af\u1ee2C PH\u1ea8M PQA<\/strong><\/span><\/h2>\n<div class=\"note\" style=\"text-align: center;\">B\u00c0I THU\u1ed0C GIA TRUY\u1ec0N, C\u1ed4 TRUY\u1ec0N<\/div>\n\t<div id=\"gap-1673775702\" class=\"gap-element clearfix hide-for-small\" style=\"display:block; height:auto;\">\n\t\t\n<style>\n#gap-1673775702 {\n  padding-top: 30px;\n}\n<\/style>\n\t<\/div>\n\t\n<div class=\"box_short\">\n<p>Thaythuocnam.com.vn l\u00e0 trang web ch\u00ednh th\u1ee9c c\u1ee7a C\u00f4ng ty C\u1ed5 ph\u1ea7n D\u01b0\u1ee3c ph\u1ea9m PQA \u2013 \u0110\u01a1n v\u1ecb chuy\u00ean nghi\u00ean c\u1ee9u v\u00e0 s\u1ea3n xu\u1ea5t c\u00e1c s\u1ea3n ph\u1ea9m t\u1eeb d\u01b0\u1ee3c ph\u1ea9m t\u1ef1 nhi\u00ean, th\u1ef1c ph\u1ea9m b\u1ea3o v\u1ec7 s\u1ee9c kh\u1ecfe v\u00e0 m\u1ef9 ph\u1ea9m c\u00f3 ngu\u1ed3n g\u1ed1c ho\u00e0n to\u00e0n t\u1eeb thi\u00ean nhi\u00ean, an to\u00e0n v\u1edbi m\u1ecdi \u0111\u1ed1i t\u01b0\u1ee3ng.<\/p>\n<p>V\u1edbi l\u1ecbch s\u1eed h\u00ecnh th\u00e0nh v\u00e0 ph\u00e1t tri\u1ec3n 10 n\u0103m c\u00f9ng tri\u1ebft l\u00fd kinh doanh d\u01b0\u1ee3c ph\u1ea9m xanh, thu\u1ed1c nam ch\u1eefa b\u1ec7nh tr\u1ecdng, PQA k\u1ebf th\u1eeba nh\u1eefng b\u00e0i thu\u1ed1c gia truy\u1ec1n 17 \u0111\u1eddi d\u00f2ng h\u1ecd V\u0169 Duy \u0111\u1ec3 l\u1ea1i v\u1edbi mong mu\u1ed1n g\u00ecn gi\u1eef, ph\u00e1t huy, n\u00e2ng t\u1ea7m n\u1ec1n y h\u1ecdc c\u1ed5 truy\u1ec1n c\u1ee7a ti\u1ec1n nh\u00e2n \u0111\u1ec3 l\u1ea1i.<\/p>\n<\/p>\n<\/div>\n\t\t<\/div>\n\t\t\t\t\t<\/div>\n\n\t\n<\/div>\n\t\t<\/div>\n\n\t\t\n<style>\n#section_149294847 {\n  padding-top: 30px;\n  padding-bottom: 30px;\n}\n#section_149294847 .ux-shape-divider--top svg {\n  height: 150px;\n  --divider-top-width: 100%;\n}\n#section_149294847 .ux-shape-divider--bottom svg {\n  height: 150px;\n  --divider-width: 100%;\n}\n<\/style>\n\t<\/section>\n\t\n\t<section class=\"section gioi-thieu-section-page2 dark\" id=\"section_11840161\">\n\t\t<div class=\"bg section-bg fill bg-fill  bg-loaded\" >\n\n\t\t\t\n\t\t\t\n\t\t\t\n\n\t\t<\/div>\n\n\t\t\n\n\t\t<div class=\"section-content relative\">\n\t\t\t\n<div class=\"row row-small\"  id=\"row-724011108\">\n\n\t<div id=\"col-1872248518\" class=\"col small-12 large-12\"  >\n\t\t\t\t<div class=\"col-inner\"  >\n\t\t\t\n\t\t\t\n<h2 style=\"text-align: center;\"><strong>GI\u1edaI THI\u1ec6U<\/strong> c\u1ee7a PQA<\/h2>\n<div class=\"note\" style=\"text-align: center;\">B\u00c0I THU\u1ed0C GIA TRUY\u1ec0N, C\u1ed4 TRUY\u1ec0N<\/div>\n\t<div id=\"gap-223374606\" class=\"gap-element clearfix hide-for-small\" style=\"display:block; height:auto;\">\n\t\t\n<style>\n#gap-223374606 {\n  padding-top: 30px;\n}\n<\/style>\n\t<\/div>\n\t\n\n\t\t<div class=\"tabbed-content tab-gioi-thieu-page\">\n\t\t\t\n\t\t\t<ul class=\"nav nav-outline nav-vertical nav-normal nav-size-normal nav-left\" role=\"tablist\"><li id=\"tab-gi\u00e1-tr\u1ecb-c\u1ed1t-l\u00f5i\" class=\"tab active has-icon\" role=\"presentation\"><a href=\"#tab_gi\u00e1-tr\u1ecb-c\u1ed1t-l\u00f5i\" role=\"tab\" aria-selected=\"true\" aria-controls=\"tab_gi\u00e1-tr\u1ecb-c\u1ed1t-l\u00f5i\"><span>Gi\u00e1 tr\u1ecb c\u1ed1t l\u00f5i<\/span><\/a><\/li>\n<li id=\"tab-s\u1ee9-m\u1ec7nh\" class=\"tab has-icon\" role=\"presentation\"><a href=\"#tab_s\u1ee9-m\u1ec7nh\" tabindex=\"-1\" role=\"tab\" aria-selected=\"false\" aria-controls=\"tab_s\u1ee9-m\u1ec7nh\"><span>S\u1ee9 m\u1ec7nh<\/span><\/a><\/li>\n<li id=\"tab-tri\u1ebft-l\u00fd-kinh-doanh\" class=\"tab has-icon\" role=\"presentation\"><a href=\"#tab_tri\u1ebft-l\u00fd-kinh-doanh\" tabindex=\"-1\" role=\"tab\" aria-selected=\"false\" aria-controls=\"tab_tri\u1ebft-l\u00fd-kinh-doanh\"><span>Tri\u1ebft l\u00fd kinh doanh<\/span><\/a><\/li><\/ul><div class=\"tab-panels\"><div id=\"tab_gi\u00e1-tr\u1ecb-c\u1ed1t-l\u00f5i\" class=\"panel active entry-content\" role=\"tabpanel\" aria-labelledby=\"tab-gi\u00e1-tr\u1ecb-c\u1ed1t-l\u00f5i\">\n<div class=\"row row-small\"  id=\"row-2004510675\">\n\n\t<div id=\"col-1779172324\" class=\"col medium-4 small-12 large-4\"  >\n\t\t\t\t<div class=\"col-inner\"  >\n\t\t\t\n\t\t\t\n\t<div id=\"gap-518800143\" class=\"gap-element clearfix hide-for-medium\" style=\"display:block; height:auto;\">\n\t\t\n<style>\n#gap-518800143 {\n  padding-top: 30px;\n}\n<\/style>\n\t<\/div>\n\t\n\t<div class=\"img has-hover x md-x lg-x y md-y lg-y\" id=\"image_565059016\">\n\t\t\t\t\t\t\t\t<div class=\"img-inner image-cover dark\" style=\"padding-top:100%;\">\n\t\t\t<img loading=\"lazy\" decoding=\"async\" width=\"371\" height=\"304\" src=\"https:\/\/webthuocnam.vidoweb.vn\/wp-content\/uploads\/2020\/06\/giatricotloi.png\" class=\"attachment-original size-original\" alt=\"\" srcset=\"https:\/\/webthuocnam.vidoweb.vn\/wp-content\/uploads\/2020\/06\/giatricotloi.png 371w, https:\/\/webthuocnam.vidoweb.vn\/wp-content\/uploads\/2020\/06\/giatricotloi-300x246.png 300w, https:\/\/webthuocnam.vidoweb.vn\/wp-content\/uploads\/2020\/06\/giatricotloi-24x20.png 24w, https:\/\/webthuocnam.vidoweb.vn\/wp-content\/uploads\/2020\/06\/giatricotloi-36x29.png 36w, https:\/\/webthuocnam.vidoweb.vn\/wp-content\/uploads\/2020\/06\/giatricotloi-48x39.png 48w\" sizes=\"auto, (max-width: 371px) 100vw, 371px\" \/>\t\t\t\t\t\t\n\t\t\t\t\t<\/div>\n\t\t\t\t\t\t\t\t\n<style>\n#image_565059016 {\n  width: 100%;\n}\n<\/style>\n\t<\/div>\n\t\n\t\t<\/div>\n\t\t\t\t\t<\/div>\n\n\t\n\n\t<div id=\"col-2033980015\" class=\"col medium-8 small-12 large-8\"  >\n\t\t\t\t<div class=\"col-inner\"  >\n\t\t\t\n\t\t\t\n<h3>Gi\u00e1 tr\u1ecb c\u1ed1t l\u00f5i thu\u1ed1c \u0110\u00f4ng y gia truy\u1ec1n 17 \u0111\u1eddi \u0111\u1ec3 l\u1ea1i\u00a0<\/h3>\n<p><span style=\"font-size: 95%;\">Gi\u00e1 tr\u1ecb c\u1ed1t l\u00f5i c\u1ee7a D\u01b0\u1ee3c ph\u1ea9m PQA ch\u00ednh l\u00e0 gi\u1eef g\u00ecn, ph\u00e1t huy t\u1ea5t c\u1ea3 nh\u1eefng b\u00e0i thu\u1ed1c \u0110\u00f4ng y gia truy\u1ec1n, cha truy\u1ec1n con n\u1ed1i c\u1ee7a d\u00f2ng h\u1ecd V\u0169 Duy su\u1ed1t h\u01a1n 500 n\u0103m. H\u01a1n th\u1ebf, PQA mong mu\u1ed1n n\u00e2ng t\u1ea7m, ph\u00e1t tri\u1ec3n n\u1ec1n y h\u1ecdc c\u1ed5 truy\u1ec1n n\u01b0\u1edbc nh\u00e0 l\u00ean m\u1ed9t t\u1ea7m cao m\u1edbi, k\u1ebft h\u1ee3p c\u00f4ng ngh\u1ec7 hi\u1ec7n \u0111\u1ea1i v\u1edbi c\u00f4ng th\u1ee9c b\u00ed truy\u1ec1n nh\u1eb1m \u0111\u1ea1t \u0111\u01b0\u1ee3c m\u1ee5c ti\u00eau cu\u1ed1i c\u00f9ng l\u00e0 ch\u1eefa b\u1ec7nh, c\u1ee9u ng\u01b0\u1eddi, mang ni\u1ec1m vui \u0111\u1ebfn cho m\u1ecdi nh\u00e0.\u00a0<\/span><\/p>\n<p><span style=\"font-size: 95%;\">T\u1ea5t c\u1ea3 c\u00e1c l\u01b0\u01a1ng y, d\u01b0\u1ee3c s\u0129 c\u1ee7a PQA \u0111\u1ec1u k\u1ebf th\u1eeba gi\u00e1 tr\u1ecb c\u1ed1t l\u00f5i n\u00e0y, ch\u1eefa b\u1ec7nh b\u1eb1ng ch\u1eef t\u00e2m, th\u1ef1c hi\u1ec7n h\u00f3a \u01b0\u1edbc m\u01a1 mang c\u00e1c b\u00e0i thu\u1ed1c gia truy\u1ec1n ti\u1ec1n nh\u00e2n \u0111\u1ec3 l\u1ea1i.<\/span><\/p>\n\t\t<\/div>\n\t\t\t\t\t<\/div>\n\n\t\n<\/div>\n<\/div>\n<div id=\"tab_s\u1ee9-m\u1ec7nh\" class=\"panel entry-content\" role=\"tabpanel\" aria-labelledby=\"tab-s\u1ee9-m\u1ec7nh\">\n<div class=\"row row-small\"  id=\"row-451767630\">\n\n\t<div id=\"col-383093518\" class=\"col medium-4 small-12 large-4\"  >\n\t\t\t\t<div class=\"col-inner\"  >\n\t\t\t\n\t\t\t\n\t<div id=\"gap-272776914\" class=\"gap-element clearfix hide-for-medium\" style=\"display:block; height:auto;\">\n\t\t\n<style>\n#gap-272776914 {\n  padding-top: 30px;\n}\n<\/style>\n\t<\/div>\n\t\n\t<div class=\"img has-hover x md-x lg-x y md-y lg-y\" id=\"image_607586903\">\n\t\t\t\t\t\t\t\t<div class=\"img-inner image-cover dark\" style=\"padding-top:100%;\">\n\t\t\t<img loading=\"lazy\" decoding=\"async\" width=\"371\" height=\"304\" src=\"https:\/\/webthuocnam.vidoweb.vn\/wp-content\/uploads\/2020\/06\/giatricotloi.png\" class=\"attachment-original size-original\" alt=\"\" srcset=\"https:\/\/webthuocnam.vidoweb.vn\/wp-content\/uploads\/2020\/06\/giatricotloi.png 371w, https:\/\/webthuocnam.vidoweb.vn\/wp-content\/uploads\/2020\/06\/giatricotloi-300x246.png 300w, https:\/\/webthuocnam.vidoweb.vn\/wp-content\/uploads\/2020\/06\/giatricotloi-24x20.png 24w, https:\/\/webthuocnam.vidoweb.vn\/wp-content\/uploads\/2020\/06\/giatricotloi-36x29.png 36w, https:\/\/webthuocnam.vidoweb.vn\/wp-content\/uploads\/2020\/06\/giatricotloi-48x39.png 48w\" sizes=\"auto, (max-width: 371px) 100vw, 371px\" \/>\t\t\t\t\t\t\n\t\t\t\t\t<\/div>\n\t\t\t\t\t\t\t\t\n<style>\n#image_607586903 {\n  width: 100%;\n}\n<\/style>\n\t<\/div>\n\t\n\t\t<\/div>\n\t\t\t\t\t<\/div>\n\n\t\n\n\t<div id=\"col-1429022122\" class=\"col medium-8 small-12 large-8\"  >\n\t\t\t\t<div class=\"col-inner\"  >\n\t\t\t\n\t\t\t\n<h3>S\u1ee9 m\u1ec7nh ch\u1eefa b\u1ec7nh ch\u1eefa t\u1eeb g\u1ed1c\u00a0<\/h3>\n<p><span style=\"font-size: 95%;\">PQA th\u1ea5m nhu\u1ea7n l\u1eddi d\u1ea1y \u00f4ng t\u1ed5 ngh\u1ec1 y H\u1ea3i Th\u01b0\u1ee3ng L\u00e3n \u00d4ng \u201cNg\u01b0\u1eddi ch\u1eefa b\u1ec7nh ch\u1ec9 n\u00ean nh\u00ecn nh\u1eadn c\u00e1i ng\u1ecdn \u0111\u1ec3 bi\u1ebft \u0111\u1ea7u m\u1ed1i ph\u00e1t b\u1ec7nh, c\u00f2n d\u00f2 t\u00ecm g\u1ed1c ch\u1ee7 y\u1ebfu \u0111\u1ec3 ch\u1eefa kh\u1ecfi b\u1ec7nh, th\u1eddi trong mu\u00f4n ng\u01b0\u1eddi, s\u1ee3 g\u00ec sai m\u1ed9t\u201d, \u201cch\u1eefa m\u1ed9t ch\u1ed7 th\u1eddi tr\u0103m b\u1ec7nh kh\u1ecfi, ch\u1eefa c\u00e1c ch\u1ee9ng linh tinh, th\u1eddi \u0111\u1ea7u m\u1ed1i r\u1ed1i lo\u1ea1n\u201d (H\u1ea3i Th\u01b0\u1ee3ng Y T\u00f4ng T\u00e2m L\u0129nh t\u1eadp I).\u00a0<\/span><\/p>\n<p><span style=\"font-size: 95%;\">Ch\u00ednh v\u00ec th\u1ebf, s\u1ee9 m\u1ec7nh ch\u1eefa b\u1ec7nh t\u1eeb g\u1ed1c, tri\u1ec7t \u0111\u1ec3 c\u0103n nguy\u00ean b\u1ec7nh, kh\u00f4ng ch\u1ec9 d\u1ee9t \u0111i\u1ec3m tri\u1ec7u ch\u1ee9ng m\u00e0 c\u00f2n b\u1ed3i b\u1ed5 t\u1ea1ng ph\u1ebf, h\u1ed3i ph\u1ee5c ch\u1ee9c n\u0103ng cho ng\u01b0\u1eddi b\u1ec7nh. Kh\u00f4ng ch\u1ec9 ch\u1eefa b\u1ec7nh, m\u00e0 c\u00f2n ch\u0103m s\u00f3c, ch\u0103m lo cho s\u1ee9c kh\u1ecfe, \u0111\u1eddi s\u1ed1ng tinh th\u1ea7n c\u1ee7a b\u1ec7nh nh\u00e2n lu\u00f4n l\u1ea1c quan, vui v\u1ebb, y\u00eau \u0111\u1eddi.<\/span><\/p>\n\t\t<\/div>\n\t\t\t\t\t<\/div>\n\n\t\n<\/div>\n<\/div>\n<div id=\"tab_tri\u1ebft-l\u00fd-kinh-doanh\" class=\"panel entry-content\" role=\"tabpanel\" aria-labelledby=\"tab-tri\u1ebft-l\u00fd-kinh-doanh\">\n<div class=\"row row-small\"  id=\"row-2116221623\">\n\n\t<div id=\"col-2061691212\" class=\"col medium-4 small-12 large-4\"  >\n\t\t\t\t<div class=\"col-inner\"  >\n\t\t\t\n\t\t\t\n\t<div id=\"gap-304064922\" class=\"gap-element clearfix hide-for-medium\" style=\"display:block; height:auto;\">\n\t\t\n<style>\n#gap-304064922 {\n  padding-top: 30px;\n}\n<\/style>\n\t<\/div>\n\t\n\t<div class=\"img has-hover x md-x lg-x y md-y lg-y\" id=\"image_1420474621\">\n\t\t\t\t\t\t\t\t<div class=\"img-inner image-cover dark\" style=\"padding-top:100%;\">\n\t\t\t<img loading=\"lazy\" decoding=\"async\" width=\"371\" height=\"304\" src=\"https:\/\/webthuocnam.vidoweb.vn\/wp-content\/uploads\/2020\/06\/giatricotloi.png\" class=\"attachment-original size-original\" alt=\"\" srcset=\"https:\/\/webthuocnam.vidoweb.vn\/wp-content\/uploads\/2020\/06\/giatricotloi.png 371w, https:\/\/webthuocnam.vidoweb.vn\/wp-content\/uploads\/2020\/06\/giatricotloi-300x246.png 300w, https:\/\/webthuocnam.vidoweb.vn\/wp-content\/uploads\/2020\/06\/giatricotloi-24x20.png 24w, https:\/\/webthuocnam.vidoweb.vn\/wp-content\/uploads\/2020\/06\/giatricotloi-36x29.png 36w, https:\/\/webthuocnam.vidoweb.vn\/wp-content\/uploads\/2020\/06\/giatricotloi-48x39.png 48w\" sizes=\"auto, (max-width: 371px) 100vw, 371px\" \/>\t\t\t\t\t\t\n\t\t\t\t\t<\/div>\n\t\t\t\t\t\t\t\t\n<style>\n#image_1420474621 {\n  width: 100%;\n}\n<\/style>\n\t<\/div>\n\t\n\t\t<\/div>\n\t\t\t\t\t<\/div>\n\n\t\n\n\t<div id=\"col-89872671\" class=\"col medium-8 small-12 large-8\"  >\n\t\t\t\t<div class=\"col-inner\"  >\n\t\t\t\n\t\t\t\n<h3>Tri\u1ebft l\u00fd kinh doanh d\u01b0\u1ee3c ph\u1ea9m xanh\u00a0<\/h3>\n<p><span style=\"font-size: 95%;\">T\u1ea5t c\u1ea3 c\u00e1c kh\u00e2u gieo tr\u1ed3ng, ch\u0103m s\u00f3c, b\u1ea3o qu\u1ea3n \u0111\u1ec1u \u0111\u01b0\u1ee3c ki\u1ec3m so\u00e1t ch\u1eb7t ch\u1ebd, \u0111\u1ea3m b\u1ea3o ch\u1ea5t l\u01b0\u1ee3ng \u0111\u01b0a v\u00e0o s\u1ea3n xu\u1ea5t. C\u00e1c kh\u00e2u sao t\u1ea9m, ch\u1ebf bi\u1ebfn, s\u1ea3n xu\u1ea5t \u0111\u1ec1u theo chu\u1ea9n ch\u1ea5t l\u01b0\u1ee3ng s\u1ea3n xu\u1ea5t thu\u1ed1c t\u1ed1t GMP. \u0110i\u1ec1u n\u00e0y ch\u1ee9ng minh b\u1edfi nh\u00e0 m\u00e1y s\u1ea3n xu\u1ea5t \u0111\u1ea1t chu\u1ea9n GMP &#8211; WHO t\u1ea1i ch\u00ednh tr\u1ee5 s\u1edf xanh c\u1ee7a c\u00f4ng ty.\u00a0<\/span><\/p>\n<p><span style=\"font-size: 95%;\">M\u00e0u xanh c\u1ee7a thi\u00ean nhi\u00ean, m\u00e0u xanh d\u01b0\u1ee3c li\u1ec7u, v\u00e0 c\u0169ng l\u00e0 m\u00e0u xanh c\u1ee7a nh\u1eefng con ng\u01b0\u1eddi PQA lu\u00f4n mang trong m\u00ecnh kh\u00e1t v\u1ecdng ch\u1eefa b\u1ec7nh c\u1ee9u ng\u01b0\u1eddi, \u0111em ni\u1ec1m vui t\u1edbi cho kh\u00e1ch h\u00e0ng tr\u00ean m\u1ecdi mi\u1ec1n \u0111\u1ea5t n\u01b0\u1edbc. C\u00f3 s\u1ee9c kh\u1ecfe, c\u00f3 h\u1ea1nh ph\u00fac, c\u00f3 b\u00ecnh an nh\u01b0 ch\u00ednh m\u00e0u xanh an l\u00e0nh m\u00e0 PQA x\u00e2y d\u1ef1ng n\u00ean.<\/span><\/p>\n\t\t<\/div>\n\t\t\t\t\t<\/div>\n\n\t\n<\/div>\n<\/div><\/div><\/div>\n\t\t<\/div>\n\t\t\t\t\t<\/div>\n\n\t\n<\/div>\n\t\t<\/div>\n\n\t\t\n<style>\n#section_11840161 {\n  padding-top: 30px;\n  padding-bottom: 30px;\n}\n#section_11840161 .ux-shape-divider--top svg {\n  height: 150px;\n  --divider-top-width: 100%;\n}\n#section_11840161 .ux-shape-divider--bottom svg {\n  height: 150px;\n  --divider-width: 100%;\n}\n<\/style>\n\t<\/section>\n\t\n\t<section class=\"section about-cong-nghe-section\" id=\"section_131714474\">\n\t\t<div class=\"bg section-bg fill bg-fill  bg-loaded\" >\n\n\t\t\t\n\t\t\t\n\t\t\t\n\n\t\t<\/div>\n\n\t\t\n\n\t\t<div class=\"section-content relative\">\n\t\t\t\n<div class=\"row row-small\"  id=\"row-1007036038\">\n\n\t<div id=\"col-1072100920\" class=\"col small-12 large-12\"  >\n\t\t\t\t<div class=\"col-inner\"  >\n\t\t\t\n\t\t\t\n<h2 style=\"text-align: center;\"><span style=\"color: #005d1c;\"><strong>C\u00d4NG NGH\u1ec6 B\u00cd TRUY\u1ec0N V\u00c0 HI\u1ec6N \u0110\u1ea0I<\/strong><\/span> C\u1ee7a PQA<\/h2>\n\t<div class=\"img has-hover x md-x lg-x y md-y lg-y\" id=\"image_1114631725\">\n\t\t\t\t\t\t\t\t<div class=\"img-inner dark\" >\n\t\t\t<img loading=\"lazy\" decoding=\"async\" width=\"960\" height=\"504\" src=\"https:\/\/webthuocnam.vidoweb.vn\/wp-content\/uploads\/2020\/06\/about.png\" class=\"attachment-original size-original\" alt=\"\" srcset=\"https:\/\/webthuocnam.vidoweb.vn\/wp-content\/uploads\/2020\/06\/about.png 960w, https:\/\/webthuocnam.vidoweb.vn\/wp-content\/uploads\/2020\/06\/about-510x268.png 510w, https:\/\/webthuocnam.vidoweb.vn\/wp-content\/uploads\/2020\/06\/about-300x158.png 300w, https:\/\/webthuocnam.vidoweb.vn\/wp-content\/uploads\/2020\/06\/about-768x403.png 768w, https:\/\/webthuocnam.vidoweb.vn\/wp-content\/uploads\/2020\/06\/about-24x13.png 24w, https:\/\/webthuocnam.vidoweb.vn\/wp-content\/uploads\/2020\/06\/about-36x19.png 36w, https:\/\/webthuocnam.vidoweb.vn\/wp-content\/uploads\/2020\/06\/about-48x25.png 48w\" sizes=\"auto, (max-width: 960px) 100vw, 960px\" \/>\t\t\t\t\t\t\n\t\t\t\t\t<\/div>\n\t\t\t\t\t\t\t\t\n<style>\n#image_1114631725 {\n  width: 100%;\n}\n<\/style>\n\t<\/div>\n\t\n<p>V\u1edbi nh\u1eefng c\u00f4ng vi\u1ec7c t\u1eeb kh\u00e2u tr\u1ed3ng h\u00e1i ch\u0103m s\u00f3c d\u01b0\u1ee3c li\u1ec7u \u0111\u1ebfn b\u1ea3o qu\u1ea3n, s\u1ea3n xu\u1ea5t, ph\u00e2n ph\u1ed1i. \u0110\u1ec3 th\u1ef1c hi\u1ec7n \u0111\u01b0\u1ee3c nh\u1eefng c\u00f4ng vi\u1ec7c kh\u00e9p k\u00edn \u1ea5y. D\u01b0\u1ee3c Ph\u1ea9m PQA \u0111\u00e3 tuy\u1ec3n ch\u1ecdn nh\u1eefng con ng\u01b0\u1eddi t\u00e2m huy\u1ebft v\u1edbi ngh\u1ec1 d\u01b0\u1ee3c, lu\u00f4n mang trong m\u00ecnh kh\u00e1t v\u1ecdng ch\u1eefa b\u1ec7nh c\u1ee9u ng\u01b0\u1eddi. V\u1edbi nh\u1eefng nh\u00e2n vi\u00ean c\u1ee7a PQA d\u00f9 l\u00e0m vi\u1ec7c \u1edf v\u01b0\u1eddn d\u01b0\u1ee3c li\u1ec7u, \u1edf nh\u00e0 m\u00e1y s\u1ea3n xu\u1ea5t hay l\u00e0 nh\u1eefng chuy\u00ean vi\u00ean t\u01b0 v\u1ea5n s\u1ee9c kh\u1ecfe cho kh\u00e1ch h\u00e0ng \u1edf kh\u1eafp n\u01a1i tr\u00ean m\u1ecdi mi\u1ec1n \u0111\u1ea5t n\u01b0\u1edbc Vi\u1ec7t Nam c\u0169ng nh\u01b0 \u1edf n\u01b0\u1edbc ngo\u00e0i c\u0169ng lu\u00f4n mang trong m\u00ecnh kh\u00e1t v\u1ecdng c\u1ed1ng hi\u1ebfn, mang s\u1ef1 b\u00ecnh an, kh\u1ecfe m\u1ea1nh v\u00e0 h\u1ea1nh ph\u00fac \u0111\u1ebfn v\u1edbi m\u1ecdi ng\u01b0\u1eddi nh\u01b0 m\u00e0u xanh an l\u00e0nh c\u1ee7a c\u00e2y c\u1ecf thi\u00ean nhi\u00ean.<\/p>\n<h2 style=\"text-align: center;\"><strong><span style=\"color: #005d1c;\">TR\u00cd\u00a0TU\u1ec6 K\u1ebe TH\u1eeaA V\u00c0 S\u00c1NG T\u1ea0O<\/span>\u00a0<\/strong>C\u1ee7a PQA<\/h2>\n<p>N\u1ebfu b\u1ea1n c\u00f3 \u0111am m\u00ea t\u00ecm hi\u1ec3u c\u00e1c b\u00e0i thu\u1ed1c, c\u00e1c ph\u01b0\u01a1ng ph\u00e1p ch\u1eefa b\u1ec7nh theo \u0111\u00f4ng y. Ho\u1eb7c \u0111\u01a1n gi\u1ea3n b\u1ea1n c\u1ea7n t\u01b0 v\u1ea5n v\u1ec1 c\u00e1c v\u1ea5n \u0111\u1ec1 s\u1ee9c kh\u1ecfe c\u1ee7a b\u1ea3n th\u00e2n, b\u1ea1n b\u00e8 hay ng\u01b0\u1eddi th\u00e2n c\u1ee7a b\u1ea1n. \u0110\u1eebng ng\u1ea1i ng\u1ea7n li\u00ean l\u1ea1c v\u1edbi ch\u00fang t\u00f4i \u2013 nh\u1eefng chuy\u00ean vi\u00ean t\u01b0 v\u1ea5n s\u1ee9c kh\u1ecfe l\u00e0m vi\u1ec7c t\u1ea1i C\u00f4ng ty. Ch\u00fang t\u00f4i s\u1ebd lu\u00f4n b\u00ean b\u1ea1n 24\/24, mang l\u1ea1i cho b\u1ea1n ki\u1ebfn th\u1ee9c, s\u1ef1 an t\u00e2m v\u00e0 ch\u0103m s\u00f3c t\u1ed1t nh\u1ea5t cho b\u1ea1n!<\/p>\n<p>V\u1edbi t\u1ea5m l\u00f2ng bi\u1ebft \u01a1n nh\u1eefng kh\u00e1ch h\u00e0ng g\u1ea7n xa \u0111\u00e3 tin t\u01b0\u1edfng v\u00e0 s\u1eed d\u1ee5ng s\u1ea3n ph\u1ea9m c\u1ee7a D\u01b0\u1ee3c Ph\u1ea9m PQA \u2013 ch\u00fang t\u00f4i s\u1ebd lu\u00f4n c\u1ed1 g\u1eafng h\u01a1n n\u1eefa \u0111\u1ec3 mang l\u1ea1i cho kh\u00e1ch h\u00e0ng th\u1eadt nhi\u1ec1u s\u1ef1 h\u00e0i l\u00f2ng. \u0110\u1ec3 nh\u1eefng tin y\u00eau c\u1ee7a kh\u00e1ch h\u00e0ng lu\u00f4n l\u00e0 s\u1ef1 l\u1ef1a ch\u1ecdn th\u00f4ng th\u00e1i nh\u1ea5t!<\/p>\n\t\t<\/div>\n\t\t\t\t\t<\/div>\n\n\t\n<\/div>\n\t\t<\/div>\n\n\t\t\n<style>\n#section_131714474 {\n  padding-top: 30px;\n  padding-bottom: 30px;\n}\n#section_131714474 .ux-shape-divider--top svg {\n  height: 150px;\n  --divider-top-width: 100%;\n}\n#section_131714474 .ux-shape-divider--bottom svg {\n  height: 150px;\n  --divider-width: 100%;\n}\n<\/style>\n\t<\/section>\n\t\n","protected":false},"excerpt":{"rendered":"","protected":false},"author":1,"featured_media":0,"parent":0,"menu_order":0,"comment_status":"closed","ping_status":"closed","template":"page-blank.php","meta":{"footnotes":""},"class_list":["post-21","page","type-page","status-publish","hentry"],"yoast_head":"<!-- This site is optimized with the Yoast SEO plugin v27.6 - https:\/\/yoast.com\/product\/yoast-seo-wordpress\/ -->\n<title>Gi\u1edbi thi\u1ec7u - Thu\u1ed1c Nam<\/title>\n<meta name=\"robots\" content=\"noindex, follow, max-snippet:-1, max-image-preview:large, max-video-preview:-1\" \/>\n<meta property=\"og:locale\" content=\"vi_VN\" \/>\n<meta property=\"og:type\" content=\"article\" \/>\n<meta property=\"og:title\" content=\"Gi\u1edbi thi\u1ec7u - Thu\u1ed1c Nam\" \/>\n<meta property=\"og:url\" content=\"https:\/\/webthuocnam.vidoweb.vn\/?page_id=21\" \/>\n<meta property=\"og:site_name\" content=\"Thu\u1ed1c Nam\" \/>\n<meta property=\"article:modified_time\" content=\"2020-06-15T16:57:14+00:00\" \/>\n<meta name=\"twitter:card\" content=\"summary_large_image\" \/>\n<meta name=\"twitter:label1\" content=\"\u01af\u1edbc t\u00ednh th\u1eddi gian \u0111\u1ecdc\" \/>\n\t<meta name=\"twitter:data1\" content=\"8 ph\u00fat\" \/>\n<script type=\"application\/ld+json\" class=\"yoast-schema-graph\">{\"@context\":\"https:\\\/\\\/schema.org\",\"@graph\":[{\"@type\":\"WebPage\",\"@id\":\"https:\\\/\\\/webthuocnam.vidoweb.vn\\\/?page_id=21\",\"url\":\"https:\\\/\\\/webthuocnam.vidoweb.vn\\\/?page_id=21\",\"name\":\"Gi\u1edbi thi\u1ec7u - Thu\u1ed1c Nam\",\"isPartOf\":{\"@id\":\"https:\\\/\\\/webthuocnam.vidoweb.vn\\\/#website\"},\"datePublished\":\"2020-06-15T04:24:10+00:00\",\"dateModified\":\"2020-06-15T16:57:14+00:00\",\"breadcrumb\":{\"@id\":\"https:\\\/\\\/webthuocnam.vidoweb.vn\\\/?page_id=21#breadcrumb\"},\"inLanguage\":\"vi\",\"potentialAction\":[{\"@type\":\"ReadAction\",\"target\":[\"https:\\\/\\\/webthuocnam.vidoweb.vn\\\/?page_id=21\"]}]},{\"@type\":\"BreadcrumbList\",\"@id\":\"https:\\\/\\\/webthuocnam.vidoweb.vn\\\/?page_id=21#breadcrumb\",\"itemListElement\":[{\"@type\":\"ListItem\",\"position\":1,\"name\":\"Trang ch\u1ee7\",\"item\":\"https:\\\/\\\/webthuocnam.vidoweb.vn\\\/\"},{\"@type\":\"ListItem\",\"position\":2,\"name\":\"Gi\u1edbi thi\u1ec7u\"}]},{\"@type\":\"WebSite\",\"@id\":\"https:\\\/\\\/webthuocnam.vidoweb.vn\\\/#website\",\"url\":\"https:\\\/\\\/webthuocnam.vidoweb.vn\\\/\",\"name\":\"Thu\u1ed1c Nam\",\"description\":\"\",\"potentialAction\":[{\"@type\":\"SearchAction\",\"target\":{\"@type\":\"EntryPoint\",\"urlTemplate\":\"https:\\\/\\\/webthuocnam.vidoweb.vn\\\/?s={search_term_string}\"},\"query-input\":{\"@type\":\"PropertyValueSpecification\",\"valueRequired\":true,\"valueName\":\"search_term_string\"}}],\"inLanguage\":\"vi\"}]}<\/script>\n<!-- \/ Yoast SEO plugin. -->","yoast_head_json":{"title":"Gi\u1edbi thi\u1ec7u - Thu\u1ed1c Nam","robots":{"index":"noindex","follow":"follow","max-snippet":"max-snippet:-1","max-image-preview":"max-image-preview:large","max-video-preview":"max-video-preview:-1"},"og_locale":"vi_VN","og_type":"article","og_title":"Gi\u1edbi thi\u1ec7u - Thu\u1ed1c Nam","og_url":"https:\/\/webthuocnam.vidoweb.vn\/?page_id=21","og_site_name":"Thu\u1ed1c Nam","article_modified_time":"2020-06-15T16:57:14+00:00","twitter_card":"summary_large_image","twitter_misc":{"\u01af\u1edbc t\u00ednh th\u1eddi gian \u0111\u1ecdc":"8 ph\u00fat"},"schema":{"@context":"https:\/\/schema.org","@graph":[{"@type":"WebPage","@id":"https:\/\/webthuocnam.vidoweb.vn\/?page_id=21","url":"https:\/\/webthuocnam.vidoweb.vn\/?page_id=21","name":"Gi\u1edbi thi\u1ec7u - Thu\u1ed1c Nam","isPartOf":{"@id":"https:\/\/webthuocnam.vidoweb.vn\/#website"},"datePublished":"2020-06-15T04:24:10+00:00","dateModified":"2020-06-15T16:57:14+00:00","breadcrumb":{"@id":"https:\/\/webthuocnam.vidoweb.vn\/?page_id=21#breadcrumb"},"inLanguage":"vi","potentialAction":[{"@type":"ReadAction","target":["https:\/\/webthuocnam.vidoweb.vn\/?page_id=21"]}]},{"@type":"BreadcrumbList","@id":"https:\/\/webthuocnam.vidoweb.vn\/?page_id=21#breadcrumb","itemListElement":[{"@type":"ListItem","position":1,"name":"Trang ch\u1ee7","item":"https:\/\/webthuocnam.vidoweb.vn\/"},{"@type":"ListItem","position":2,"name":"Gi\u1edbi thi\u1ec7u"}]},{"@type":"WebSite","@id":"https:\/\/webthuocnam.vidoweb.vn\/#website","url":"https:\/\/webthuocnam.vidoweb.vn\/","name":"Thu\u1ed1c Nam","description":"","potentialAction":[{"@type":"SearchAction","target":{"@type":"EntryPoint","urlTemplate":"https:\/\/webthuocnam.vidoweb.vn\/?s={search_term_string}"},"query-input":{"@type":"PropertyValueSpecification","valueRequired":true,"valueName":"search_term_string"}}],"inLanguage":"vi"}]}},"_links":{"self":[{"href":"https:\/\/webthuocnam.vidoweb.vn\/index.php?rest_route=\/wp\/v2\/pages\/21","targetHints":{"allow":["GET"]}}],"collection":[{"href":"https:\/\/webthuocnam.vidoweb.vn\/index.php?rest_route=\/wp\/v2\/pages"}],"about":[{"href":"https:\/\/webthuocnam.vidoweb.vn\/index.php?rest_route=\/wp\/v2\/types\/page"}],"author":[{"embeddable":true,"href":"https:\/\/webthuocnam.vidoweb.vn\/index.php?rest_route=\/wp\/v2\/users\/1"}],"replies":[{"embeddable":true,"href":"https:\/\/webthuocnam.vidoweb.vn\/index.php?rest_route=%2Fwp%2Fv2%2Fcomments&post=21"}],"version-history":[{"count":35,"href":"https:\/\/webthuocnam.vidoweb.vn\/index.php?rest_route=\/wp\/v2\/pages\/21\/revisions"}],"predecessor-version":[{"id":578,"href":"https:\/\/webthuocnam.vidoweb.vn\/index.php?rest_route=\/wp\/v2\/pages\/21\/revisions\/578"}],"wp:attachment":[{"href":"https:\/\/webthuocnam.vidoweb.vn\/index.php?rest_route=%2Fwp%2Fv2%2Fmedia&parent=21"}],"curies":[{"name":"wp","href":"https:\/\/api.w.org\/{rel}","templated":true}]}}