{"id":156,"date":"2020-06-15T06:42:32","date_gmt":"2020-06-15T06:42:32","guid":{"rendered":"http:\/\/thuocnam.muathemedep.vn\/?post_type=product&#038;p=156"},"modified":"2020-06-15T06:59:24","modified_gmt":"2020-06-15T06:59:24","slug":"pqa-dang-ngoc","status":"publish","type":"product","link":"https:\/\/webthuocnam.vidoweb.vn\/?product=pqa-dang-ngoc","title":{"rendered":"PQA D\u00e1ng Ng\u1ecdc"},"content":{"rendered":"<h2>C\u00f4ng d\u1ee5ng c\u1ee7a PQA d\u00e1ng ng\u1ecdc<\/h2>\n<p>Gi\u00fap b\u1ed3i b\u1ed5 s\u1ee9c kh\u1ecfe, h\u1ed7 tr\u1ee3 \u0103n ngon mi\u1ec7ng.<\/p>\n<h2>\u0110\u1ed1i t\u01b0\u1ee3ng d\u00f9ng<\/h2>\n<p>Ng\u01b0\u1eddi \u0103n u\u1ed1ng kh\u00f4ng ngon, ti\u00eau h\u00f3a k\u00e9m, b\u1ee5ng \u0111\u1ea7y ch\u01b0\u1edbng, g\u1ea7y c\u00f2m, \u1ed1m y\u1ebfu, mu\u1ed1n t\u0103ng c\u00e2n.<\/p>\n<h2>Th\u00e0nh ph\u1ea7n th\u1ea3o d\u01b0\u1ee3c<\/h2>\n<h3>Li\u00ean nh\u1ee5c: 20 g<\/h3>\n<p>Thu\u1ed1c b\u1ed5 ch\u1eefa m\u1ea5t ng\u1ee7, th\u1ea7n kinh suy nh\u01b0\u1ee3c. Gi\u00fap d\u01b0\u1ee1ng t\u00e2m, b\u1ed5 t\u1ef3 v\u1ecb.<\/p>\n<h3>Ho\u00e0ng k\u1ef3: 13 g<\/h3>\n<p>T\u00e1c d\u1ee5ng \u00edch kh\u00ed, t\u00f4ng sang \u0111\u1ed9c, l\u1ee3i ti\u1ec3u<\/p>\n<h3>Nh\u00e2n s\u00e2m: 8 g<\/h3>\n<p>B\u1ed3i b\u1ed5 c\u00e1c kinh t\u00e2m, can, t\u1ef3, ph\u1ebf, th\u1eadn. C\u00f4ng d\u1ee5ng \u0111\u1ea1i b\u1ed5 nguy\u00ean kh\u00ed, \u00edch huy\u1ebft sinh t\u00e2n.<\/p>\n<h3>Ch\u00edch cam th\u1ea3o: 8 g<\/h3>\n<p>B\u1ed5 t\u1ef3 v\u1ecb, thanh nhi\u1ec7t gi\u1ea3i \u0111\u1ed9c, \u0111i\u1ec1u h\u00f2a c\u00e1c v\u1ecb thu\u1ed1c<\/p>\n<h3>B\u1ea1ch th\u01b0\u1ee3c: 4 g<\/h3>\n<p>V\u1ecb chua, \u0111\u1eafng, t\u00ednh h\u00e0n, quy v\u00e0o c\u00e1c kinh can, t\u1ef3.<\/p>\n<p>C\u00f4ng d\u1ee5ng d\u01b0\u1ee1ng huy\u1ebft, tr\u1ecb c\u01a1 th\u1ec3 h\u01b0 nh\u01b0\u1ee3c, nhi\u1ec1u m\u1ed3 h\u00f4i, kinh kh\u00f4ng \u0111\u1ec1u.<\/p>\n<h3>\u0110\u1ed9c ho\u1ea1t\u00a0 4 g<\/h3>\n<p>V\u1ecb cay, \u0111\u1eafng, t\u00ednh \u00f4n. Quy v\u00e0o c\u00e1c kinh can, th\u1eadn, b\u00e0ng quang.<\/p>\n<p>T\u00e1c d\u1ee5ng gi\u1ea3m \u0111au, an th\u1ea7n, kh\u00e1ng vi\u00eam<\/p>\n<h3>Kh\u01b0\u01a1ng ho\u1ea1t: 3 g<\/h3>\n<p>V\u1ecb cay, t\u00ednh \u00f4n, quy v\u00e0o c\u00e1c kinh can th\u1eadn, b\u00e0ng quang. C\u00f4ng d\u1ee5ng ch\u1eefa c\u1ea3m phong h\u00e0n, s\u1ed1t kh\u00f4ng ra m\u1ed3 h\u00f4i, nh\u1ee9c \u0111\u1ea7u.<\/p>\n<h3>Ph\u00f2ng phong: 3 g<\/h3>\n<p>V\u1ecb cay, ng\u1ecdt, t\u00ednh \u1ea5m, kh\u00f4ng \u0111\u1ed9c. Quy v\u00e0o c\u00e1c kinh \u0110\u1ea1i tr\u01b0\u1eddng, ph\u1ebf can. C\u00f4ng d\u1ee5ng phong nhi\u1ec7t, gi\u1ea3i c\u1ea3m h\u00e0n, \u0111au \u0111\u1ea7u, gi\u1ea3i bi\u1ec3u, an th\u1ea7n.<\/p>\n<h3>Nh\u1ee5c \u0111\u1eadu kh\u1ea5u: 3 g<\/h3>\n<p>D\u00f9ng k\u00edch th\u00edch ti\u00eau h\u00f3a, k\u00edch th\u00edch trong c\u00e1c tr\u01b0\u1eddng h\u1ee3p k\u00e9m \u0103n.<\/p>\n<h3>B\u1ea1ch tru\u1eadt: 3 g<\/h3>\n<p>V\u1ecb thu\u1ed1c b\u1ed5 d\u01b0\u1ee1ng, d\u00f9ng \u0111i\u1ec1u tr\u1ecb \u0103n ch\u1eadm ti\u00eau.<\/p>\n<h3>B\u1ea1ch linh: 3 g<\/h3>\n<p>C\u00f4ng d\u1ee5ng l\u1ee3i ti\u1ec3u, t\u0103ng mi\u1ec5n d\u1ecbch, an th\u1ea7n, h\u1ea1 \u0111\u01b0\u1eddng huy\u1ebft.<\/p>\n<h3>S\u00e0i h\u1ed3: 3 g<\/h3>\n<p>C\u00f4ng d\u1ee5ng tho\u00e1i nhi\u1ec7t, gi\u1ea3i u\u1ea5t. \u0110i\u1ec1u tr\u1ecb c\u00e1c ch\u1ee9ng kh\u00f3 ti\u1ec3u, s\u1ed1t kh\u00f4ng \u0111\u1ed5 m\u1ed3 h\u00f4i, tr\u1ecb ngo\u1ea1i c\u1ea3m. s\u1ed1t r\u00e9t, \u0111au \u0111\u1ea7u.<\/p>\n<h3>Tr\u1ea1ch t\u1ea3: 3 g<\/h3>\n<p>Tr\u1ecb h\u01b0 phi\u1ec1n, m\u1ed3 h\u00f4i ra nhi\u1ec1u.<\/p>\n<h3>Ho\u00e0ng li\u00ean: 1,5 g<\/h3>\n<p>Thanh t\u00e2m, tr\u1eeb phi\u1ec1n, gi\u1ea3i \u0111\u1ed9c<\/p>\n<p>Ph\u1ee5 li\u1ec7u Natribenzoat, n\u01b0\u1edbc tinh khi\u1ebft v\u1eeba \u0111\u1ee7 125ml.<\/p>\n<h2>Li\u1ec1u d\u00f9ng<\/h2>\n<p>M\u1ed7i ng\u00e0y u\u1ed1ng ng\u00e0y 3 l\u1ea7n sau khi \u0103n.<\/p>\n<ul>\n<li>Tr\u1ebb em t\u1eeb 2 \u0111\u1ebfn 5 tu\u1ed5i: m\u1ed7i l\u1ea7n 5ml.<\/li>\n<li>Tr\u1ebb em 6 \u0111\u1ebfn12 tu\u1ed5i: m\u1ed7i l\u1ea7n 10ml.<\/li>\n<li>Tr\u1ebb em tr\u00ean 12 tu\u1ed5i : m\u1ed7i l\u1ea7n 15ml.<\/li>\n<li>Ng\u01b0\u1eddi l\u1edbn: m\u1ed7i l\u1ea7n u\u1ed1ng 20ml.<\/li>\n<\/ul>\n<p>U\u1ed1ng li\u00ean t\u1ee5c \u0111\u1ebfn khi c\u00f3 c\u00e2n n\u1eb7ng nh\u01b0 mong mu\u1ed1n, sau \u0111\u00f3 n\u00ean pha 15 \u2013 20 ml v\u1edbi n\u01b0\u1edbc u\u1ed1ng h\u00e0ng ng\u00e0y \u0111\u1ec3 duy tr\u00ec c\u00e2n n\u1eb7ng.<\/p>\n<p>N\u1ebfu g\u1ea7y qu\u00e1 u\u1ed1ng 2 \u2013 3 \u0111\u1ee3t.<\/p>\n<p><strong>L\u01afU \u00dd:<\/strong><\/p>\n<ul>\n<li>C\u00f3 l\u1eafng cao th\u1ea3o d\u01b0\u1ee3c, l\u1eafc \u0111\u1ec1u u\u1ed1ng h\u1ebft.<\/li>\n<li>Kh\u00f4ng d\u00f9ng qu\u00e1 4 tu\u1ea7n sau l\u1ea7n m\u1edf n\u1eafp \u0111\u1ea7u ti\u00ean.<\/li>\n<li>Kh\u00f4ng n\u00ean d\u00f9ng cho ph\u1ee5 n\u1eef c\u00f3 thai, ng\u01b0\u1eddi m\u1eabn c\u1ea3m v\u1edbi b\u1ea5t c\u1ee9 th\u00e0nh ph\u1ea7n g\u00ec c\u1ee7a s\u1ea3n ph\u1ea9m.<\/li>\n<li>Tham kh\u1ea3o \u00fd ki\u1ebfn th\u1ea7y thu\u1ed1c tr\u01b0\u1edbc khi d\u00f9ng.<\/li>\n<\/ul>\n<h2>B\u1ea3o qu\u1ea3n<\/h2>\n<p>N\u01a1i kh\u00f4 r\u00e1o, tho\u00e1ng m\u00e1t, tr\u00e1nh \u00e1nh n\u1eafng tr\u1ef1c ti\u1ebfp<\/p>\n<div id=\"input_line_0\"><span id=\"input_part_0\" class=\"\" data-mention=\"Th\u1eddi gian s\u1eed d\u1ee5ng\">H\u1ea1n s\u1eed d\u1ee5ng<\/span><\/div>\n<div><\/div>\n<div id=\"input_line_1\"><span id=\"input_part_0\" class=\"\" data-mention=\"36 th\u00e1ng k\u1ec3 t\u1eeb ng\u00e0y s\u1ea3n xu\u1ea5t. Ng\u00e0y s\u1ea3n xu\u1ea5t v\u00e0 h\u1ea1n s\u1eed d\u1ee5ng ghi tr\u00ean bao b\u00ec\">36 th\u00e1ng k\u1ec3 t\u1eeb ng\u00e0y s\u1ea3n xu\u1ea5t. Ng\u00e0y s\u1ea3n xu\u1ea5t v\u00e0 h\u1ea1n s\u1eed d\u1ee5ng ghi tr\u00ean bao b\u00ec<\/span><\/div>\n<div id=\"input_line_2\"><\/div>\n<div id=\"input_line_3\"><span id=\"input_part_0\" class=\"\" data-mention=\"Th\u1ef1c ph\u1ea9m n\u00e0y kh\u00f4ng ph\u1ea3i l\u00e0 thu\u1ed1c v\u00e0 kh\u00f4ng c\u00f3 t\u00e1c d\u1ee5ng thay th\u1ebf thu\u1ed1c ch\u1eefa b\u1ec7nh\">Th\u1ef1c ph\u1ea9m n\u00e0y kh\u00f4ng ph\u1ea3i l\u00e0 thu\u1ed1c v\u00e0 kh\u00f4ng c\u00f3 t\u00e1c d\u1ee5ng thay th\u1ebf thu\u1ed1c ch\u1eefa b\u1ec7nh<\/span><\/div>\n","protected":false},"excerpt":{"rendered":"<p>B\u1ed3i b\u1ed5 s\u1ee9c kh\u1ecfe, h\u1ed7 tr\u1ee3 \u0103n ngon mi\u1ec7ng<\/p>\n","protected":false},"featured_media":157,"comment_status":"open","ping_status":"closed","template":"","meta":[],"product_brand":[],"product_cat":[15],"product_tag":[],"class_list":{"0":"post-156","1":"product","2":"type-product","3":"status-publish","4":"has-post-thumbnail","6":"product_cat-sac-dep","8":"first","9":"instock","10":"featured","11":"shipping-taxable","12":"purchasable","13":"product-type-simple"},"yoast_head":"<!-- This site is optimized with the Yoast SEO plugin v27.6 - https:\/\/yoast.com\/product\/yoast-seo-wordpress\/ -->\n<title>PQA D\u00e1ng Ng\u1ecdc - Thu\u1ed1c Nam<\/title>\n<meta name=\"robots\" content=\"noindex, follow, max-snippet:-1, max-image-preview:large, max-video-preview:-1\" \/>\n<meta property=\"og:locale\" content=\"vi_VN\" \/>\n<meta property=\"og:type\" content=\"article\" \/>\n<meta property=\"og:title\" content=\"PQA D\u00e1ng Ng\u1ecdc - Thu\u1ed1c Nam\" \/>\n<meta property=\"og:description\" content=\"B\u1ed3i b\u1ed5 s\u1ee9c kh\u1ecfe, h\u1ed7 tr\u1ee3 \u0103n ngon mi\u1ec7ng\" \/>\n<meta property=\"og:url\" content=\"https:\/\/webthuocnam.vidoweb.vn\/?product=pqa-dang-ngoc\" \/>\n<meta property=\"og:site_name\" content=\"Thu\u1ed1c Nam\" \/>\n<meta property=\"article:modified_time\" content=\"2020-06-15T06:59:24+00:00\" \/>\n<meta property=\"og:image\" content=\"https:\/\/webthuocnam.vidoweb.vn\/wp-content\/uploads\/2020\/06\/pqa-dang-ngoc15822737161.jpg\" \/>\n\t<meta property=\"og:image:width\" content=\"600\" \/>\n\t<meta property=\"og:image:height\" content=\"400\" \/>\n\t<meta property=\"og:image:type\" content=\"image\/jpeg\" \/>\n<meta name=\"twitter:card\" content=\"summary_large_image\" \/>\n<meta name=\"twitter:label1\" content=\"\u01af\u1edbc t\u00ednh th\u1eddi gian \u0111\u1ecdc\" \/>\n\t<meta name=\"twitter:data1\" content=\"4 ph\u00fat\" \/>\n<script type=\"application\/ld+json\" class=\"yoast-schema-graph\">{\"@context\":\"https:\\\/\\\/schema.org\",\"@graph\":[{\"@type\":\"WebPage\",\"@id\":\"https:\\\/\\\/webthuocnam.vidoweb.vn\\\/?product=pqa-dang-ngoc\",\"url\":\"https:\\\/\\\/webthuocnam.vidoweb.vn\\\/?product=pqa-dang-ngoc\",\"name\":\"PQA D\u00e1ng Ng\u1ecdc - Thu\u1ed1c Nam\",\"isPartOf\":{\"@id\":\"https:\\\/\\\/webthuocnam.vidoweb.vn\\\/#website\"},\"primaryImageOfPage\":{\"@id\":\"https:\\\/\\\/webthuocnam.vidoweb.vn\\\/?product=pqa-dang-ngoc#primaryimage\"},\"image\":{\"@id\":\"https:\\\/\\\/webthuocnam.vidoweb.vn\\\/?product=pqa-dang-ngoc#primaryimage\"},\"thumbnailUrl\":\"https:\\\/\\\/webthuocnam.vidoweb.vn\\\/wp-content\\\/uploads\\\/2020\\\/06\\\/pqa-dang-ngoc15822737161.jpg\",\"datePublished\":\"2020-06-15T06:42:32+00:00\",\"dateModified\":\"2020-06-15T06:59:24+00:00\",\"breadcrumb\":{\"@id\":\"https:\\\/\\\/webthuocnam.vidoweb.vn\\\/?product=pqa-dang-ngoc#breadcrumb\"},\"inLanguage\":\"vi\",\"potentialAction\":[{\"@type\":\"ReadAction\",\"target\":[\"https:\\\/\\\/webthuocnam.vidoweb.vn\\\/?product=pqa-dang-ngoc\"]}]},{\"@type\":\"ImageObject\",\"inLanguage\":\"vi\",\"@id\":\"https:\\\/\\\/webthuocnam.vidoweb.vn\\\/?product=pqa-dang-ngoc#primaryimage\",\"url\":\"https:\\\/\\\/webthuocnam.vidoweb.vn\\\/wp-content\\\/uploads\\\/2020\\\/06\\\/pqa-dang-ngoc15822737161.jpg\",\"contentUrl\":\"https:\\\/\\\/webthuocnam.vidoweb.vn\\\/wp-content\\\/uploads\\\/2020\\\/06\\\/pqa-dang-ngoc15822737161.jpg\",\"width\":600,\"height\":400},{\"@type\":\"BreadcrumbList\",\"@id\":\"https:\\\/\\\/webthuocnam.vidoweb.vn\\\/?product=pqa-dang-ngoc#breadcrumb\",\"itemListElement\":[{\"@type\":\"ListItem\",\"position\":1,\"name\":\"Trang ch\u1ee7\",\"item\":\"https:\\\/\\\/webthuocnam.vidoweb.vn\\\/\"},{\"@type\":\"ListItem\",\"position\":2,\"name\":\"C\u1eeda h\u00e0ng\",\"item\":\"https:\\\/\\\/webthuocnam.vidoweb.vn\\\/?page_id=6\"},{\"@type\":\"ListItem\",\"position\":3,\"name\":\"S\u1eafc \u0111\u1eb9p\",\"item\":\"https:\\\/\\\/webthuocnam.vidoweb.vn\\\/?product_cat=sac-dep\"},{\"@type\":\"ListItem\",\"position\":4,\"name\":\"PQA D\u00e1ng Ng\u1ecdc\"}]},{\"@type\":\"WebSite\",\"@id\":\"https:\\\/\\\/webthuocnam.vidoweb.vn\\\/#website\",\"url\":\"https:\\\/\\\/webthuocnam.vidoweb.vn\\\/\",\"name\":\"Thu\u1ed1c Nam\",\"description\":\"\",\"potentialAction\":[{\"@type\":\"SearchAction\",\"target\":{\"@type\":\"EntryPoint\",\"urlTemplate\":\"https:\\\/\\\/webthuocnam.vidoweb.vn\\\/?s={search_term_string}\"},\"query-input\":{\"@type\":\"PropertyValueSpecification\",\"valueRequired\":true,\"valueName\":\"search_term_string\"}}],\"inLanguage\":\"vi\"}]}<\/script>\n<!-- \/ Yoast SEO plugin. -->","yoast_head_json":{"title":"PQA D\u00e1ng Ng\u1ecdc - Thu\u1ed1c Nam","robots":{"index":"noindex","follow":"follow","max-snippet":"max-snippet:-1","max-image-preview":"max-image-preview:large","max-video-preview":"max-video-preview:-1"},"og_locale":"vi_VN","og_type":"article","og_title":"PQA D\u00e1ng Ng\u1ecdc - Thu\u1ed1c Nam","og_description":"B\u1ed3i b\u1ed5 s\u1ee9c kh\u1ecfe, h\u1ed7 tr\u1ee3 \u0103n ngon mi\u1ec7ng","og_url":"https:\/\/webthuocnam.vidoweb.vn\/?product=pqa-dang-ngoc","og_site_name":"Thu\u1ed1c Nam","article_modified_time":"2020-06-15T06:59:24+00:00","og_image":[{"width":600,"height":400,"url":"https:\/\/webthuocnam.vidoweb.vn\/wp-content\/uploads\/2020\/06\/pqa-dang-ngoc15822737161.jpg","type":"image\/jpeg"}],"twitter_card":"summary_large_image","twitter_misc":{"\u01af\u1edbc t\u00ednh th\u1eddi gian \u0111\u1ecdc":"4 ph\u00fat"},"schema":{"@context":"https:\/\/schema.org","@graph":[{"@type":"WebPage","@id":"https:\/\/webthuocnam.vidoweb.vn\/?product=pqa-dang-ngoc","url":"https:\/\/webthuocnam.vidoweb.vn\/?product=pqa-dang-ngoc","name":"PQA D\u00e1ng Ng\u1ecdc - Thu\u1ed1c Nam","isPartOf":{"@id":"https:\/\/webthuocnam.vidoweb.vn\/#website"},"primaryImageOfPage":{"@id":"https:\/\/webthuocnam.vidoweb.vn\/?product=pqa-dang-ngoc#primaryimage"},"image":{"@id":"https:\/\/webthuocnam.vidoweb.vn\/?product=pqa-dang-ngoc#primaryimage"},"thumbnailUrl":"https:\/\/webthuocnam.vidoweb.vn\/wp-content\/uploads\/2020\/06\/pqa-dang-ngoc15822737161.jpg","datePublished":"2020-06-15T06:42:32+00:00","dateModified":"2020-06-15T06:59:24+00:00","breadcrumb":{"@id":"https:\/\/webthuocnam.vidoweb.vn\/?product=pqa-dang-ngoc#breadcrumb"},"inLanguage":"vi","potentialAction":[{"@type":"ReadAction","target":["https:\/\/webthuocnam.vidoweb.vn\/?product=pqa-dang-ngoc"]}]},{"@type":"ImageObject","inLanguage":"vi","@id":"https:\/\/webthuocnam.vidoweb.vn\/?product=pqa-dang-ngoc#primaryimage","url":"https:\/\/webthuocnam.vidoweb.vn\/wp-content\/uploads\/2020\/06\/pqa-dang-ngoc15822737161.jpg","contentUrl":"https:\/\/webthuocnam.vidoweb.vn\/wp-content\/uploads\/2020\/06\/pqa-dang-ngoc15822737161.jpg","width":600,"height":400},{"@type":"BreadcrumbList","@id":"https:\/\/webthuocnam.vidoweb.vn\/?product=pqa-dang-ngoc#breadcrumb","itemListElement":[{"@type":"ListItem","position":1,"name":"Trang ch\u1ee7","item":"https:\/\/webthuocnam.vidoweb.vn\/"},{"@type":"ListItem","position":2,"name":"C\u1eeda h\u00e0ng","item":"https:\/\/webthuocnam.vidoweb.vn\/?page_id=6"},{"@type":"ListItem","position":3,"name":"S\u1eafc \u0111\u1eb9p","item":"https:\/\/webthuocnam.vidoweb.vn\/?product_cat=sac-dep"},{"@type":"ListItem","position":4,"name":"PQA D\u00e1ng Ng\u1ecdc"}]},{"@type":"WebSite","@id":"https:\/\/webthuocnam.vidoweb.vn\/#website","url":"https:\/\/webthuocnam.vidoweb.vn\/","name":"Thu\u1ed1c Nam","description":"","potentialAction":[{"@type":"SearchAction","target":{"@type":"EntryPoint","urlTemplate":"https:\/\/webthuocnam.vidoweb.vn\/?s={search_term_string}"},"query-input":{"@type":"PropertyValueSpecification","valueRequired":true,"valueName":"search_term_string"}}],"inLanguage":"vi"}]}},"_links":{"self":[{"href":"https:\/\/webthuocnam.vidoweb.vn\/index.php?rest_route=\/wp\/v2\/product\/156","targetHints":{"allow":["GET"]}}],"collection":[{"href":"https:\/\/webthuocnam.vidoweb.vn\/index.php?rest_route=\/wp\/v2\/product"}],"about":[{"href":"https:\/\/webthuocnam.vidoweb.vn\/index.php?rest_route=\/wp\/v2\/types\/product"}],"replies":[{"embeddable":true,"href":"https:\/\/webthuocnam.vidoweb.vn\/index.php?rest_route=%2Fwp%2Fv2%2Fcomments&post=156"}],"wp:featuredmedia":[{"embeddable":true,"href":"https:\/\/webthuocnam.vidoweb.vn\/index.php?rest_route=\/wp\/v2\/media\/157"}],"wp:attachment":[{"href":"https:\/\/webthuocnam.vidoweb.vn\/index.php?rest_route=%2Fwp%2Fv2%2Fmedia&parent=156"}],"wp:term":[{"taxonomy":"product_brand","embeddable":true,"href":"https:\/\/webthuocnam.vidoweb.vn\/index.php?rest_route=%2Fwp%2Fv2%2Fproduct_brand&post=156"},{"taxonomy":"product_cat","embeddable":true,"href":"https:\/\/webthuocnam.vidoweb.vn\/index.php?rest_route=%2Fwp%2Fv2%2Fproduct_cat&post=156"},{"taxonomy":"product_tag","embeddable":true,"href":"https:\/\/webthuocnam.vidoweb.vn\/index.php?rest_route=%2Fwp%2Fv2%2Fproduct_tag&post=156"}],"curies":[{"name":"wp","href":"https:\/\/api.w.org\/{rel}","templated":true}]}}