{"id":165,"date":"2020-06-15T06:50:55","date_gmt":"2020-06-15T06:50:55","guid":{"rendered":"http:\/\/thuocnam.muathemedep.vn\/?post_type=product&#038;p=165"},"modified":"2020-06-15T06:59:18","modified_gmt":"2020-06-15T06:59:18","slug":"pqa-hai-tao-ngoc-ho","status":"publish","type":"product","link":"https:\/\/webthuocnam.vidoweb.vn\/?product=pqa-hai-tao-ngoc-ho","title":{"rendered":"PQA H\u1ea3i T\u1ea3o Ng\u1ecdc H\u1ed3"},"content":{"rendered":"<h2>Th\u00e0nh Ph\u1ea7n<\/h2>\n<div>Cho 100ml<\/div>\n<div><\/div>\n<div>H\u1ea3i t\u1ea3o &#8230;&#8230;&#8230;&#8230;&#8230;&#8230;&#8230;&#8230;&#8230;&#8230;&#8230;&#8230;18g<\/div>\n<div><\/div>\n<div>C\u00f4n b\u1ed1&#8230;&#8230;&#8230;&#8230;&#8230;&#8230;&#8230;&#8230;&#8230;&#8230;&#8230;&#8230;.12g<\/div>\n<div><\/div>\n<div>B\u1ed1i m\u1eabu &#8230;&#8230;&#8230;&#8230;&#8230;&#8230;&#8230;&#8230;&#8230;&#8230;&#8230;.12g<\/div>\n<div><\/div>\n<div>\u0110\u01b0\u01a1ng quy &#8230;&#8230;&#8230;&#8230;&#8230;&#8230;&#8230;&#8230;&#8230;.9,6g<\/div>\n<div><\/div>\n<div>\u0110\u1ed9c ho\u1ea1t &#8230;&#8230;&#8230;&#8230;&#8230;&#8230;&#8230;&#8230;&#8230;&#8230;..9,6g<\/div>\n<div><\/div>\n<div>Li\u00ean ki\u1ec1u &#8230;&#8230;&#8230;&#8230;&#8230;&#8230;&#8230;&#8230;&#8230;&#8230;..6,4g<\/div>\n<div><\/div>\n<div>Tr\u1ea7n b\u00ec &#8230;&#8230;&#8230;&#8230;&#8230;&#8230;&#8230;&#8230;&#8230;&#8230;&#8230;&#8230;4,8g<\/div>\n<div><\/div>\n<div>Xuy\u00ean khung&#8230;&#8230;&#8230;&#8230;&#8230;&#8230;&#8230;&#8230;&#8230;3,2g<\/div>\n<div><\/div>\n<div>Ph\u1ee5 li\u1ec7u: Natri benzoat, n\u01b0\u1edbc tinh khi\u1ebft v\u1eeba \u0111\u1ee7 100ml<\/div>\n<h2><strong>C\u00f4ng d\u1ee5ng<\/strong><\/h2>\n<div>H\u1ed7 tr\u1ee3 b\u1ed5 sung i-\u1ed1t, ng\u01b0\u1eddi b\u1ecb b\u01b0\u1edbu c\u1ed5 do thi\u1ebfu i-\u1ed1t<\/div>\n<div><\/div>\n<div>\u0110\u1ed1i t\u01b0\u1ee3ng s\u1eed d\u1ee5ng<\/div>\n<div><\/div>\n<div>Ng\u01b0\u1eddi b\u1ecb suy tuy\u1ebfn gi\u00e1p, thi\u1ebfu i-\u1ed1t, ng\u01b0\u1eddi b\u1ecb b\u01b0\u1edbu c\u1ed5 do thi\u1ebfu i-\u1ed1t<\/div>\n<h2><strong>C\u00e1ch d\u00f9ng<\/strong><\/h2>\n<div>&#8211; Tr\u1ebb em t\u1eeb 2-6 tu\u1ed5i\u00a0 \u00a0 \u00a0 \u00a0 \u00a0 \u00a0 : U\u1ed1ng 5ml\/l\u1ea7n x 3 l\u1ea7n\/ng\u00e0y<\/div>\n<div><\/div>\n<div>&#8211; Tr\u1ebb em t\u1eeb 7-12 tu\u1ed5i\u00a0 \u00a0 \u00a0 \u00a0 \u00a0 : U\u1ed1ng 10ml\/l\u1ea7n x 3 l\u1ea7n\/ng\u00e0y<\/div>\n<div><\/div>\n<div>&#8211; Tr\u1ebb em t\u1eeb 12 tu\u1ed5i tr\u1edf l\u00ean\u00a0 : U\u1ed1ng 15ml\/l\u1ea7n x 3 l\u1ea7n\/ng\u00e0y<\/div>\n<div><\/div>\n<div>&#8211; Ng\u01b0\u1eddi l\u1edbn\u00a0 \u00a0 \u00a0 \u00a0 \u00a0 \u00a0 \u00a0 \u00a0 \u00a0 \u00a0 \u00a0 \u00a0 \u00a0: U\u1ed1ng 20ml\/l\u1ea7n x 3 l\u1ea7n\/ng\u00e0y<\/div>\n<div><\/div>\n<div>M\u1ed7i \u0111\u1ee3t d\u00f9ng li\u00ean t\u1ee5c t\u1eeb 3 th\u00e1ng. N\u1ebfu u\u1ed1ng ch\u01b0a \u0111\u1ee7 3 th\u00e1ng m\u00e0 tuy\u1ebfn gi\u00e1p \u0111\u00e3 \u1ed5n \u0111\u1ecbnh v\u1ec1 tr\u1ea1ng th\u00e1i b\u00ecnh th\u01b0\u1eddng th\u00ec v\u1eabn n\u00ean u\u1ed1ng \u0111\u1ee7 3 th\u00e1ng \u0111\u1ec3 tuy\u1ebfn gi\u00e1p kh\u1ecfe m\u1ea1nh, m\u1ed9t s\u1ee9c kh\u1ecfe t\u1ed1t.<\/div>\n<div><\/div>\n<div>Ng\u01b0\u1eddi b\u1ecb nhi\u1ec1u n\u0103m n\u00ean d\u00f9ng 2-3 \u0111\u1ee3t<\/div>\n<div><\/div>\n<div>L\u01b0u \u00fd:<\/div>\n<div><\/div>\n<div>&#8211; C\u00f3 l\u1eafng cao th\u1ea3o d\u01b0\u1ee3c l\u1eafc \u0111\u1ec1u u\u1ed1ng h\u1ebft.<\/div>\n<div><\/div>\n<div>&#8211; Kh\u00f4ng d\u00f9ng qu\u00e1 4 tu\u1ea7n sau m\u1edf n\u1eafp \u0111\u1ea7u ti\u00ean.<\/div>\n<div><\/div>\n<div>&#8211; Kh\u00f4ng d\u00f9ng cho ph\u1ee5 n\u1eef c\u00f3 thai, ng\u01b0\u1eddi m\u1eabn c\u1ea3m v\u1edbi b\u1ea5t k\u1ef3 th\u00e0nh ph\u1ea7n n\u00e0o c\u1ee7a s\u1ea3n ph\u1ea9m.<\/div>\n<div><\/div>\n<div>&#8211; Tham kh\u1ea3o \u00fd ki\u1ebfn th\u1ea7y thu\u1ed1c tr\u01b0\u1edbc khi d\u00f9ng<\/div>\n<div><\/div>\n<div>S\u1ea3n ph\u1ea9m n\u00e0y kh\u00f4ng c\u00f3 \u0111\u01b0\u1eddng k\u00ednh Saccarose, c\u00f3 th\u1ec3 d\u00f9ng cho ng\u01b0\u1eddi b\u1ecb ti\u1ec3u \u0111\u01b0\u1eddng<\/div>\n<h2><strong>B\u1ea2O QU\u1ea2N:<\/strong><\/h2>\n<div>N\u01a1i kh\u00f4 r\u00e1o, tr\u00e1nh \u00e1nh n\u1eafng tr\u1ef1c ti\u1ebfp.<\/div>\n<div><\/div>\n<div>Th\u1eddi h\u1ea1n s\u1eed d\u1ee5ng: 36 th\u00e1ng k\u1ec3 t\u1eeb ng\u00e0y s\u1ea3n xu\u1ea5t. H\u1ea1n s\u1eed d\u1ee5ng in tr\u00ean bao b\u00ec.<\/div>\n<div><\/div>\n<div>Ch\u00fa \u00fd: Th\u1ef1c ph\u1ea9m n\u00e0y kh\u00f4ng ph\u1ea3i l\u00e0 thu\u1ed1c, kh\u00f4ng c\u00f3 t\u00e1c d\u1ee5ng thay th\u1ebf thu\u1ed1c ch\u1eefa b\u1ec7nh.<\/div>\n","protected":false},"excerpt":{"rendered":"<p>Th\u00e0nh Ph\u1ea7n Cho 100ml H\u1ea3i t\u1ea3o &#8230;&#8230;&#8230;&#8230;&#8230;&#8230;&#8230;&#8230;&#8230;&#8230;&#8230;&#8230;18g C\u00f4n b\u1ed1&#8230;&#8230;&#8230;&#8230;&#8230;&#8230;&#8230;&#8230;&#8230;&#8230;&#8230;&#8230;.12g B\u1ed1i m\u1eabu &#8230;&#8230;&#8230;&#8230;&#8230;&#8230;&#8230;&#8230;&#8230;&#8230;&#8230;.12g \u0110\u01b0\u01a1ng quy &#8230;&#8230;&#8230;&#8230;&#8230;&#8230;&#8230;&#8230;&#8230;.9,6g \u0110\u1ed9c ho\u1ea1t &#8230;&#8230;&#8230;&#8230;&#8230;&#8230;&#8230;&#8230;&#8230;&#8230;..9,6g Li\u00ean ki\u1ec1u &#8230;&#8230;&#8230;&#8230;&#8230;&#8230;&#8230;&#8230;&#8230;&#8230;..6,4g Tr\u1ea7n b\u00ec &#8230;&#8230;&#8230;&#8230;&#8230;&#8230;&#8230;&#8230;&#8230;&#8230;&#8230;&#8230;4,8g Xuy\u00ean khung&#8230;&#8230;&#8230;&#8230;&#8230;&#8230;&#8230;&#8230;&#8230;3,2g Ph\u1ee5 li\u1ec7u: Natri benzoat, n\u01b0\u1edbc tinh khi\u1ebft v\u1eeba \u0111\u1ee7 100ml C\u00f4ng d\u1ee5ng H\u1ed7 tr\u1ee3 b\u1ed5 sung i-\u1ed1t, ng\u01b0\u1eddi b\u1ecb b\u01b0\u1edbu c\u1ed5 do thi\u1ebfu i-\u1ed1t \u0110\u1ed1i t\u01b0\u1ee3ng s\u1eed d\u1ee5ng Ng\u01b0\u1eddi&#8230;<\/p>\n","protected":false},"featured_media":166,"comment_status":"open","ping_status":"closed","template":"","meta":[],"product_brand":[],"product_cat":[15],"product_tag":[],"class_list":{"0":"post-165","1":"product","2":"type-product","3":"status-publish","4":"has-post-thumbnail","6":"product_cat-sac-dep","8":"first","9":"instock","10":"featured","11":"shipping-taxable","12":"purchasable","13":"product-type-simple"},"yoast_head":"<!-- This site is optimized with the Yoast SEO plugin v27.6 - https:\/\/yoast.com\/product\/yoast-seo-wordpress\/ -->\n<title>PQA H\u1ea3i T\u1ea3o Ng\u1ecdc H\u1ed3 - Thu\u1ed1c Nam<\/title>\n<meta name=\"robots\" content=\"noindex, follow, max-snippet:-1, max-image-preview:large, max-video-preview:-1\" \/>\n<meta property=\"og:locale\" content=\"vi_VN\" \/>\n<meta property=\"og:type\" content=\"article\" \/>\n<meta property=\"og:title\" content=\"PQA H\u1ea3i T\u1ea3o Ng\u1ecdc H\u1ed3 - Thu\u1ed1c Nam\" \/>\n<meta property=\"og:description\" content=\"Th\u00e0nh Ph\u1ea7n Cho 100ml H\u1ea3i t\u1ea3o &#8230;&#8230;&#8230;&#8230;&#8230;&#8230;&#8230;&#8230;&#8230;&#8230;&#8230;&#8230;18g C\u00f4n b\u1ed1&#8230;&#8230;&#8230;&#8230;&#8230;&#8230;&#8230;&#8230;&#8230;&#8230;&#8230;&#8230;.12g B\u1ed1i m\u1eabu &#8230;&#8230;&#8230;&#8230;&#8230;&#8230;&#8230;&#8230;&#8230;&#8230;&#8230;.12g \u0110\u01b0\u01a1ng quy &#8230;&#8230;&#8230;&#8230;&#8230;&#8230;&#8230;&#8230;&#8230;.9,6g \u0110\u1ed9c ho\u1ea1t &#8230;&#8230;&#8230;&#8230;&#8230;&#8230;&#8230;&#8230;&#8230;&#8230;..9,6g Li\u00ean ki\u1ec1u &#8230;&#8230;&#8230;&#8230;&#8230;&#8230;&#8230;&#8230;&#8230;&#8230;..6,4g Tr\u1ea7n b\u00ec &#8230;&#8230;&#8230;&#8230;&#8230;&#8230;&#8230;&#8230;&#8230;&#8230;&#8230;&#8230;4,8g Xuy\u00ean khung&#8230;&#8230;&#8230;&#8230;&#8230;&#8230;&#8230;&#8230;&#8230;3,2g Ph\u1ee5 li\u1ec7u: Natri benzoat, n\u01b0\u1edbc tinh khi\u1ebft v\u1eeba \u0111\u1ee7 100ml C\u00f4ng d\u1ee5ng H\u1ed7 tr\u1ee3 b\u1ed5 sung i-\u1ed1t, ng\u01b0\u1eddi b\u1ecb b\u01b0\u1edbu c\u1ed5 do thi\u1ebfu i-\u1ed1t \u0110\u1ed1i t\u01b0\u1ee3ng s\u1eed d\u1ee5ng Ng\u01b0\u1eddi...\" \/>\n<meta property=\"og:url\" content=\"https:\/\/webthuocnam.vidoweb.vn\/?product=pqa-hai-tao-ngoc-ho\" \/>\n<meta property=\"og:site_name\" content=\"Thu\u1ed1c Nam\" \/>\n<meta property=\"article:modified_time\" content=\"2020-06-15T06:59:18+00:00\" \/>\n<meta property=\"og:image\" content=\"https:\/\/webthuocnam.vidoweb.vn\/wp-content\/uploads\/2020\/06\/pqa-hai-tao-ngoc-ho15822737225.jpg\" \/>\n\t<meta property=\"og:image:width\" content=\"600\" \/>\n\t<meta property=\"og:image:height\" content=\"464\" \/>\n\t<meta property=\"og:image:type\" content=\"image\/jpeg\" \/>\n<meta name=\"twitter:card\" content=\"summary_large_image\" \/>\n<meta name=\"twitter:label1\" content=\"\u01af\u1edbc t\u00ednh th\u1eddi gian \u0111\u1ecdc\" \/>\n\t<meta name=\"twitter:data1\" content=\"2 ph\u00fat\" \/>\n<script type=\"application\/ld+json\" class=\"yoast-schema-graph\">{\"@context\":\"https:\\\/\\\/schema.org\",\"@graph\":[{\"@type\":\"WebPage\",\"@id\":\"https:\\\/\\\/webthuocnam.vidoweb.vn\\\/?product=pqa-hai-tao-ngoc-ho\",\"url\":\"https:\\\/\\\/webthuocnam.vidoweb.vn\\\/?product=pqa-hai-tao-ngoc-ho\",\"name\":\"PQA H\u1ea3i T\u1ea3o Ng\u1ecdc H\u1ed3 - Thu\u1ed1c Nam\",\"isPartOf\":{\"@id\":\"https:\\\/\\\/webthuocnam.vidoweb.vn\\\/#website\"},\"primaryImageOfPage\":{\"@id\":\"https:\\\/\\\/webthuocnam.vidoweb.vn\\\/?product=pqa-hai-tao-ngoc-ho#primaryimage\"},\"image\":{\"@id\":\"https:\\\/\\\/webthuocnam.vidoweb.vn\\\/?product=pqa-hai-tao-ngoc-ho#primaryimage\"},\"thumbnailUrl\":\"https:\\\/\\\/webthuocnam.vidoweb.vn\\\/wp-content\\\/uploads\\\/2020\\\/06\\\/pqa-hai-tao-ngoc-ho15822737225.jpg\",\"datePublished\":\"2020-06-15T06:50:55+00:00\",\"dateModified\":\"2020-06-15T06:59:18+00:00\",\"breadcrumb\":{\"@id\":\"https:\\\/\\\/webthuocnam.vidoweb.vn\\\/?product=pqa-hai-tao-ngoc-ho#breadcrumb\"},\"inLanguage\":\"vi\",\"potentialAction\":[{\"@type\":\"ReadAction\",\"target\":[\"https:\\\/\\\/webthuocnam.vidoweb.vn\\\/?product=pqa-hai-tao-ngoc-ho\"]}]},{\"@type\":\"ImageObject\",\"inLanguage\":\"vi\",\"@id\":\"https:\\\/\\\/webthuocnam.vidoweb.vn\\\/?product=pqa-hai-tao-ngoc-ho#primaryimage\",\"url\":\"https:\\\/\\\/webthuocnam.vidoweb.vn\\\/wp-content\\\/uploads\\\/2020\\\/06\\\/pqa-hai-tao-ngoc-ho15822737225.jpg\",\"contentUrl\":\"https:\\\/\\\/webthuocnam.vidoweb.vn\\\/wp-content\\\/uploads\\\/2020\\\/06\\\/pqa-hai-tao-ngoc-ho15822737225.jpg\",\"width\":600,\"height\":464},{\"@type\":\"BreadcrumbList\",\"@id\":\"https:\\\/\\\/webthuocnam.vidoweb.vn\\\/?product=pqa-hai-tao-ngoc-ho#breadcrumb\",\"itemListElement\":[{\"@type\":\"ListItem\",\"position\":1,\"name\":\"Trang ch\u1ee7\",\"item\":\"https:\\\/\\\/webthuocnam.vidoweb.vn\\\/\"},{\"@type\":\"ListItem\",\"position\":2,\"name\":\"C\u1eeda h\u00e0ng\",\"item\":\"https:\\\/\\\/webthuocnam.vidoweb.vn\\\/?page_id=6\"},{\"@type\":\"ListItem\",\"position\":3,\"name\":\"S\u1eafc \u0111\u1eb9p\",\"item\":\"https:\\\/\\\/webthuocnam.vidoweb.vn\\\/?product_cat=sac-dep\"},{\"@type\":\"ListItem\",\"position\":4,\"name\":\"PQA H\u1ea3i T\u1ea3o Ng\u1ecdc H\u1ed3\"}]},{\"@type\":\"WebSite\",\"@id\":\"https:\\\/\\\/webthuocnam.vidoweb.vn\\\/#website\",\"url\":\"https:\\\/\\\/webthuocnam.vidoweb.vn\\\/\",\"name\":\"Thu\u1ed1c Nam\",\"description\":\"\",\"potentialAction\":[{\"@type\":\"SearchAction\",\"target\":{\"@type\":\"EntryPoint\",\"urlTemplate\":\"https:\\\/\\\/webthuocnam.vidoweb.vn\\\/?s={search_term_string}\"},\"query-input\":{\"@type\":\"PropertyValueSpecification\",\"valueRequired\":true,\"valueName\":\"search_term_string\"}}],\"inLanguage\":\"vi\"}]}<\/script>\n<!-- \/ Yoast SEO plugin. -->","yoast_head_json":{"title":"PQA H\u1ea3i T\u1ea3o Ng\u1ecdc H\u1ed3 - Thu\u1ed1c Nam","robots":{"index":"noindex","follow":"follow","max-snippet":"max-snippet:-1","max-image-preview":"max-image-preview:large","max-video-preview":"max-video-preview:-1"},"og_locale":"vi_VN","og_type":"article","og_title":"PQA H\u1ea3i T\u1ea3o Ng\u1ecdc H\u1ed3 - Thu\u1ed1c Nam","og_description":"Th\u00e0nh Ph\u1ea7n Cho 100ml H\u1ea3i t\u1ea3o &#8230;&#8230;&#8230;&#8230;&#8230;&#8230;&#8230;&#8230;&#8230;&#8230;&#8230;&#8230;18g C\u00f4n b\u1ed1&#8230;&#8230;&#8230;&#8230;&#8230;&#8230;&#8230;&#8230;&#8230;&#8230;&#8230;&#8230;.12g B\u1ed1i m\u1eabu &#8230;&#8230;&#8230;&#8230;&#8230;&#8230;&#8230;&#8230;&#8230;&#8230;&#8230;.12g \u0110\u01b0\u01a1ng quy &#8230;&#8230;&#8230;&#8230;&#8230;&#8230;&#8230;&#8230;&#8230;.9,6g \u0110\u1ed9c ho\u1ea1t &#8230;&#8230;&#8230;&#8230;&#8230;&#8230;&#8230;&#8230;&#8230;&#8230;..9,6g Li\u00ean ki\u1ec1u &#8230;&#8230;&#8230;&#8230;&#8230;&#8230;&#8230;&#8230;&#8230;&#8230;..6,4g Tr\u1ea7n b\u00ec &#8230;&#8230;&#8230;&#8230;&#8230;&#8230;&#8230;&#8230;&#8230;&#8230;&#8230;&#8230;4,8g Xuy\u00ean khung&#8230;&#8230;&#8230;&#8230;&#8230;&#8230;&#8230;&#8230;&#8230;3,2g Ph\u1ee5 li\u1ec7u: Natri benzoat, n\u01b0\u1edbc tinh khi\u1ebft v\u1eeba \u0111\u1ee7 100ml C\u00f4ng d\u1ee5ng H\u1ed7 tr\u1ee3 b\u1ed5 sung i-\u1ed1t, ng\u01b0\u1eddi b\u1ecb b\u01b0\u1edbu c\u1ed5 do thi\u1ebfu i-\u1ed1t \u0110\u1ed1i t\u01b0\u1ee3ng s\u1eed d\u1ee5ng Ng\u01b0\u1eddi...","og_url":"https:\/\/webthuocnam.vidoweb.vn\/?product=pqa-hai-tao-ngoc-ho","og_site_name":"Thu\u1ed1c Nam","article_modified_time":"2020-06-15T06:59:18+00:00","og_image":[{"width":600,"height":464,"url":"https:\/\/webthuocnam.vidoweb.vn\/wp-content\/uploads\/2020\/06\/pqa-hai-tao-ngoc-ho15822737225.jpg","type":"image\/jpeg"}],"twitter_card":"summary_large_image","twitter_misc":{"\u01af\u1edbc t\u00ednh th\u1eddi gian \u0111\u1ecdc":"2 ph\u00fat"},"schema":{"@context":"https:\/\/schema.org","@graph":[{"@type":"WebPage","@id":"https:\/\/webthuocnam.vidoweb.vn\/?product=pqa-hai-tao-ngoc-ho","url":"https:\/\/webthuocnam.vidoweb.vn\/?product=pqa-hai-tao-ngoc-ho","name":"PQA H\u1ea3i T\u1ea3o Ng\u1ecdc H\u1ed3 - Thu\u1ed1c Nam","isPartOf":{"@id":"https:\/\/webthuocnam.vidoweb.vn\/#website"},"primaryImageOfPage":{"@id":"https:\/\/webthuocnam.vidoweb.vn\/?product=pqa-hai-tao-ngoc-ho#primaryimage"},"image":{"@id":"https:\/\/webthuocnam.vidoweb.vn\/?product=pqa-hai-tao-ngoc-ho#primaryimage"},"thumbnailUrl":"https:\/\/webthuocnam.vidoweb.vn\/wp-content\/uploads\/2020\/06\/pqa-hai-tao-ngoc-ho15822737225.jpg","datePublished":"2020-06-15T06:50:55+00:00","dateModified":"2020-06-15T06:59:18+00:00","breadcrumb":{"@id":"https:\/\/webthuocnam.vidoweb.vn\/?product=pqa-hai-tao-ngoc-ho#breadcrumb"},"inLanguage":"vi","potentialAction":[{"@type":"ReadAction","target":["https:\/\/webthuocnam.vidoweb.vn\/?product=pqa-hai-tao-ngoc-ho"]}]},{"@type":"ImageObject","inLanguage":"vi","@id":"https:\/\/webthuocnam.vidoweb.vn\/?product=pqa-hai-tao-ngoc-ho#primaryimage","url":"https:\/\/webthuocnam.vidoweb.vn\/wp-content\/uploads\/2020\/06\/pqa-hai-tao-ngoc-ho15822737225.jpg","contentUrl":"https:\/\/webthuocnam.vidoweb.vn\/wp-content\/uploads\/2020\/06\/pqa-hai-tao-ngoc-ho15822737225.jpg","width":600,"height":464},{"@type":"BreadcrumbList","@id":"https:\/\/webthuocnam.vidoweb.vn\/?product=pqa-hai-tao-ngoc-ho#breadcrumb","itemListElement":[{"@type":"ListItem","position":1,"name":"Trang ch\u1ee7","item":"https:\/\/webthuocnam.vidoweb.vn\/"},{"@type":"ListItem","position":2,"name":"C\u1eeda h\u00e0ng","item":"https:\/\/webthuocnam.vidoweb.vn\/?page_id=6"},{"@type":"ListItem","position":3,"name":"S\u1eafc \u0111\u1eb9p","item":"https:\/\/webthuocnam.vidoweb.vn\/?product_cat=sac-dep"},{"@type":"ListItem","position":4,"name":"PQA H\u1ea3i T\u1ea3o Ng\u1ecdc H\u1ed3"}]},{"@type":"WebSite","@id":"https:\/\/webthuocnam.vidoweb.vn\/#website","url":"https:\/\/webthuocnam.vidoweb.vn\/","name":"Thu\u1ed1c Nam","description":"","potentialAction":[{"@type":"SearchAction","target":{"@type":"EntryPoint","urlTemplate":"https:\/\/webthuocnam.vidoweb.vn\/?s={search_term_string}"},"query-input":{"@type":"PropertyValueSpecification","valueRequired":true,"valueName":"search_term_string"}}],"inLanguage":"vi"}]}},"_links":{"self":[{"href":"https:\/\/webthuocnam.vidoweb.vn\/index.php?rest_route=\/wp\/v2\/product\/165","targetHints":{"allow":["GET"]}}],"collection":[{"href":"https:\/\/webthuocnam.vidoweb.vn\/index.php?rest_route=\/wp\/v2\/product"}],"about":[{"href":"https:\/\/webthuocnam.vidoweb.vn\/index.php?rest_route=\/wp\/v2\/types\/product"}],"replies":[{"embeddable":true,"href":"https:\/\/webthuocnam.vidoweb.vn\/index.php?rest_route=%2Fwp%2Fv2%2Fcomments&post=165"}],"wp:featuredmedia":[{"embeddable":true,"href":"https:\/\/webthuocnam.vidoweb.vn\/index.php?rest_route=\/wp\/v2\/media\/166"}],"wp:attachment":[{"href":"https:\/\/webthuocnam.vidoweb.vn\/index.php?rest_route=%2Fwp%2Fv2%2Fmedia&parent=165"}],"wp:term":[{"taxonomy":"product_brand","embeddable":true,"href":"https:\/\/webthuocnam.vidoweb.vn\/index.php?rest_route=%2Fwp%2Fv2%2Fproduct_brand&post=165"},{"taxonomy":"product_cat","embeddable":true,"href":"https:\/\/webthuocnam.vidoweb.vn\/index.php?rest_route=%2Fwp%2Fv2%2Fproduct_cat&post=165"},{"taxonomy":"product_tag","embeddable":true,"href":"https:\/\/webthuocnam.vidoweb.vn\/index.php?rest_route=%2Fwp%2Fv2%2Fproduct_tag&post=165"}],"curies":[{"name":"wp","href":"https:\/\/api.w.org\/{rel}","templated":true}]}}