{"id":169,"date":"2020-06-15T06:53:13","date_gmt":"2020-06-15T06:53:13","guid":{"rendered":"http:\/\/thuocnam.muathemedep.vn\/?post_type=product&#038;p=169"},"modified":"2020-06-15T06:59:16","modified_gmt":"2020-06-15T06:59:16","slug":"pqa-hoang-ngan-kieu","status":"publish","type":"product","link":"https:\/\/webthuocnam.vidoweb.vn\/?product=pqa-hoang-ngan-kieu","title":{"rendered":"PQA Ho\u00e0ng Ng\u00e2n Ki\u1ec1u"},"content":{"rendered":"<h2><strong>C\u00f4ng d\u1ee5ng\u00a0<\/strong><\/h2>\n<p>Gi\u00fap thanh nhi\u1ec7t gi\u1ea3i \u0111\u1ed9c, ho\u1ea1t huy\u1ebft, ti\u00eau vi\u00eam, \u0111\u01b0a \u0111\u1ed9c ra ngo\u00e0i, tr\u1eeb m\u1ee7.<\/p>\n<h2>\u0110\u1ed1i t\u01b0\u1ee3ng d\u00f9ng<\/h2>\n<p>Ng\u01b0\u1eddi b\u1ecb huy\u1ebft nhi\u1ec7t,m\u1ee5n tr\u1ee9ng c\u00e1, m\u1ee5n nh\u1ecdt, l\u1edf ng\u1ee9a.<\/p>\n<h2><strong>Th\u00e0nh ph\u1ea7n th\u1ea3o d\u01b0\u1ee3c<\/strong><\/h2>\n<p>Cao Kim ng\u00e2n hoa :\u00a0650mg<\/p>\n<p>Cao B\u1ed3 c\u00f4ng anh:\u00a0550mg<\/p>\n<p>Cao Ho\u00e0ng c\u1ea7m\u00a0:\u00a0400mg<\/p>\n<p>Cao Gai b\u1ed3 k\u1ebft:\u00a0400mg<\/p>\n<p>Cao Li\u00ean ki\u1ec1u:\u00a0400mg<\/p>\n<p>Cao B\u1ed1i m\u1eabu:\u00a0250mg<\/p>\n<p>Cao Tr\u1ea7n b\u00ec:\u00a0200mg<\/p>\n<p>Cao Cam th\u1ea3o:\u00a0150mg<\/p>\n<p>Ph\u1ee5 li\u1ec7u v\u1eeba \u0111\u1ee7 1 g\u00f3i 5gam<\/p>\n<h2><strong>C\u00e1ch d\u00f9ng<\/strong><\/h2>\n<p>Ng\u00e0y u\u1ed1ng 3 l\u1ea7n<\/p>\n<p>Tr\u1ebb em tr\u00ean 12 tu\u1ed5i: M\u1ed7i l\u1ea7n u\u1ed1ng 1 g\u00f3i<\/p>\n<p>Ng\u01b0\u1eddi l\u1edbn: M\u1ed7i l\u1ea7n u\u1ed1ng 2 g\u00f3i.<\/p>\n<p>M\u1ed7i \u0111\u1ee3t d\u00f9ng li\u00ean t\u1ee5c 3 th\u00e1ng. N\u1ebfu u\u1ed1ng ch\u01b0a \u0111\u1ee7 3 th\u00e1ng m\u00e0 \u0111\u00e3 h\u1ebft m\u1ee5n tr\u1ee9ng c\u00e1,m\u1ee5n nh\u1ecdt th\u00ec v\u1eabn n\u00ean d\u00f9ng \u0111\u1ee7 3 th\u00e1ng \u0111\u1ec3 tr\u1ee9ng c\u00e1 kh\u00f4ng c\u00f2n tr\u1edf l\u1ea1i n\u1eefa.<\/p>\n<p>N\u1ebfu b\u1ecb tr\u1ee9ng c\u00e1 nhi\u1ec1u n\u0103m th\u00ec n\u00ean d\u00f9ng 2 \u2013 3 \u0111\u1ee3t.<\/p>\n<p>N\u00ean pha c\u1ed1m v\u1edbi n\u01b0\u1edbc s\u00f4i khu\u1ea5y cho tan ho\u00e0n to\u00e0n, sau \u0111\u00f3 b\u1ed5 sung n\u01b0\u1edbc m\u00e1t v\u1eeba u\u1ed1ng.<\/p>\n<p>S\u1ea3n ph\u1ea9m n\u00e0y kh\u00f4ng c\u00f3 Saccarose, c\u00f3 th\u1ec3 d\u00f9ng cho ng\u01b0\u1eddi b\u1ecb ti\u1ec3u \u0111\u01b0\u1eddng.<\/p>\n<p><strong>Trong qu\u00e1 tr\u00ecnh s\u1eed d\u1ee5ng n\u1ebfu th\u1ea5y m\u1ee5n ra nhi\u1ec1u, ch\u1ea3y nhi\u1ec1u n\u01b0\u1edbc v\u00e0ng, ra nhi\u1ec1u m\u00e1u m\u1ee7 l\u00e0 r\u1ea5t t\u1ed1t, ki\u00ean tr\u00ec s\u1eed d\u1ee5ng s\u1ebd h\u1ebft ho\u00e0n to\u00e0n.<\/strong><\/p>\n<p><strong>L\u01b0u \u00fd:<\/strong><\/p>\n<ul>\n<li>Kh\u00f4ng s\u1eed d\u1ee5ng cho ph\u1ee5 n\u1eef c\u00f3 thai<\/li>\n<li>C\u00f3 l\u1eafng cao th\u1ea3o d\u01b0\u1ee3c l\u00e0 r\u1ea5t t\u1ed1t, khu\u1ea5y \u0111\u1ec1u u\u1ed1ng h\u1ebft.<\/li>\n<\/ul>\n<p><strong>B\u1ea3o qu\u1ea3n:\u00a0<\/strong><\/p>\n<p>N\u01a1i kh\u00f4 r\u00e1o, tho\u00e1ng m\u00e1t, tr\u00e1nh \u00e1nh n\u1eafng tr\u1ef1c ti\u1ebfp.<\/p>\n<p><strong>Th\u1eddi h\u1ea1n s\u1eed d\u1ee5ng:\u00a0<\/strong><\/p>\n<p>3 n\u0103m k\u1ec3 t\u1eeb ng\u00e0y s\u1ea3n xu\u1ea5t. Ng\u00e0y s\u1ea3n xu\u1ea5t v\u00e0 h\u1ea1n s\u1eed d\u1ee5ng in tr\u00ean nh\u00e3n s\u1ea3n ph\u1ea9m.<\/p>\n<p>Ch\u00fa \u00fd:\u00a0Th\u1ef1c ph\u1ea9m n\u00e0y kh\u00f4ng ph\u1ea3i l\u00e0 thu\u1ed1c v\u00e0 kh\u00f4ng c\u00f3 t\u00e1c d\u1ee5ng thay th\u1ebf thu\u1ed1c ch\u1eefa b\u1ec7nh. Kh\u00f4ng d\u00f9ng cho ng\u01b0\u1eddi m\u1eabn c\u1ea3m v\u1edbi b\u1ea5t k\u1ef3 th\u00e0nh ph\u1ea7n n\u00e0o c\u1ee7a s\u1ea3n ph\u1ea9m.<\/p>\n","protected":false},"excerpt":{"rendered":"<p>Thanh nhi\u1ec7t, gi\u1ea3i \u0111\u1ed9c, ch\u1eefa m\u1ee5n nh\u1ecdt<\/p>\n","protected":false},"featured_media":170,"comment_status":"open","ping_status":"closed","template":"","meta":[],"product_brand":[],"product_cat":[15],"product_tag":[],"class_list":{"0":"post-169","1":"product","2":"type-product","3":"status-publish","4":"has-post-thumbnail","6":"product_cat-sac-dep","8":"first","9":"instock","10":"featured","11":"shipping-taxable","12":"purchasable","13":"product-type-simple"},"yoast_head":"<!-- This site is optimized with the Yoast SEO plugin v27.6 - https:\/\/yoast.com\/product\/yoast-seo-wordpress\/ -->\n<title>PQA Ho\u00e0ng Ng\u00e2n Ki\u1ec1u - Thu\u1ed1c Nam<\/title>\n<meta name=\"robots\" content=\"noindex, follow, max-snippet:-1, max-image-preview:large, max-video-preview:-1\" \/>\n<meta property=\"og:locale\" content=\"vi_VN\" \/>\n<meta property=\"og:type\" content=\"article\" \/>\n<meta property=\"og:title\" content=\"PQA Ho\u00e0ng Ng\u00e2n Ki\u1ec1u - Thu\u1ed1c Nam\" \/>\n<meta property=\"og:description\" content=\"Thanh nhi\u1ec7t, gi\u1ea3i \u0111\u1ed9c, ch\u1eefa m\u1ee5n nh\u1ecdt\" \/>\n<meta property=\"og:url\" content=\"https:\/\/webthuocnam.vidoweb.vn\/?product=pqa-hoang-ngan-kieu\" \/>\n<meta property=\"og:site_name\" content=\"Thu\u1ed1c Nam\" \/>\n<meta property=\"article:modified_time\" content=\"2020-06-15T06:59:16+00:00\" \/>\n<meta property=\"og:image\" content=\"https:\/\/webthuocnam.vidoweb.vn\/wp-content\/uploads\/2020\/06\/pqa-hoang-ngan-kieu15822737280.jpg\" \/>\n\t<meta property=\"og:image:width\" content=\"510\" \/>\n\t<meta property=\"og:image:height\" content=\"338\" \/>\n\t<meta property=\"og:image:type\" content=\"image\/jpeg\" \/>\n<meta name=\"twitter:card\" content=\"summary_large_image\" \/>\n<meta name=\"twitter:label1\" content=\"\u01af\u1edbc t\u00ednh th\u1eddi gian \u0111\u1ecdc\" \/>\n\t<meta name=\"twitter:data1\" content=\"2 ph\u00fat\" \/>\n<script type=\"application\/ld+json\" class=\"yoast-schema-graph\">{\"@context\":\"https:\\\/\\\/schema.org\",\"@graph\":[{\"@type\":\"WebPage\",\"@id\":\"https:\\\/\\\/webthuocnam.vidoweb.vn\\\/?product=pqa-hoang-ngan-kieu\",\"url\":\"https:\\\/\\\/webthuocnam.vidoweb.vn\\\/?product=pqa-hoang-ngan-kieu\",\"name\":\"PQA Ho\u00e0ng Ng\u00e2n Ki\u1ec1u - Thu\u1ed1c Nam\",\"isPartOf\":{\"@id\":\"https:\\\/\\\/webthuocnam.vidoweb.vn\\\/#website\"},\"primaryImageOfPage\":{\"@id\":\"https:\\\/\\\/webthuocnam.vidoweb.vn\\\/?product=pqa-hoang-ngan-kieu#primaryimage\"},\"image\":{\"@id\":\"https:\\\/\\\/webthuocnam.vidoweb.vn\\\/?product=pqa-hoang-ngan-kieu#primaryimage\"},\"thumbnailUrl\":\"https:\\\/\\\/webthuocnam.vidoweb.vn\\\/wp-content\\\/uploads\\\/2020\\\/06\\\/pqa-hoang-ngan-kieu15822737280.jpg\",\"datePublished\":\"2020-06-15T06:53:13+00:00\",\"dateModified\":\"2020-06-15T06:59:16+00:00\",\"breadcrumb\":{\"@id\":\"https:\\\/\\\/webthuocnam.vidoweb.vn\\\/?product=pqa-hoang-ngan-kieu#breadcrumb\"},\"inLanguage\":\"vi\",\"potentialAction\":[{\"@type\":\"ReadAction\",\"target\":[\"https:\\\/\\\/webthuocnam.vidoweb.vn\\\/?product=pqa-hoang-ngan-kieu\"]}]},{\"@type\":\"ImageObject\",\"inLanguage\":\"vi\",\"@id\":\"https:\\\/\\\/webthuocnam.vidoweb.vn\\\/?product=pqa-hoang-ngan-kieu#primaryimage\",\"url\":\"https:\\\/\\\/webthuocnam.vidoweb.vn\\\/wp-content\\\/uploads\\\/2020\\\/06\\\/pqa-hoang-ngan-kieu15822737280.jpg\",\"contentUrl\":\"https:\\\/\\\/webthuocnam.vidoweb.vn\\\/wp-content\\\/uploads\\\/2020\\\/06\\\/pqa-hoang-ngan-kieu15822737280.jpg\",\"width\":510,\"height\":338},{\"@type\":\"BreadcrumbList\",\"@id\":\"https:\\\/\\\/webthuocnam.vidoweb.vn\\\/?product=pqa-hoang-ngan-kieu#breadcrumb\",\"itemListElement\":[{\"@type\":\"ListItem\",\"position\":1,\"name\":\"Trang ch\u1ee7\",\"item\":\"https:\\\/\\\/webthuocnam.vidoweb.vn\\\/\"},{\"@type\":\"ListItem\",\"position\":2,\"name\":\"C\u1eeda h\u00e0ng\",\"item\":\"https:\\\/\\\/webthuocnam.vidoweb.vn\\\/?page_id=6\"},{\"@type\":\"ListItem\",\"position\":3,\"name\":\"S\u1eafc \u0111\u1eb9p\",\"item\":\"https:\\\/\\\/webthuocnam.vidoweb.vn\\\/?product_cat=sac-dep\"},{\"@type\":\"ListItem\",\"position\":4,\"name\":\"PQA Ho\u00e0ng Ng\u00e2n Ki\u1ec1u\"}]},{\"@type\":\"WebSite\",\"@id\":\"https:\\\/\\\/webthuocnam.vidoweb.vn\\\/#website\",\"url\":\"https:\\\/\\\/webthuocnam.vidoweb.vn\\\/\",\"name\":\"Thu\u1ed1c Nam\",\"description\":\"\",\"potentialAction\":[{\"@type\":\"SearchAction\",\"target\":{\"@type\":\"EntryPoint\",\"urlTemplate\":\"https:\\\/\\\/webthuocnam.vidoweb.vn\\\/?s={search_term_string}\"},\"query-input\":{\"@type\":\"PropertyValueSpecification\",\"valueRequired\":true,\"valueName\":\"search_term_string\"}}],\"inLanguage\":\"vi\"}]}<\/script>\n<!-- \/ Yoast SEO plugin. -->","yoast_head_json":{"title":"PQA Ho\u00e0ng Ng\u00e2n Ki\u1ec1u - Thu\u1ed1c Nam","robots":{"index":"noindex","follow":"follow","max-snippet":"max-snippet:-1","max-image-preview":"max-image-preview:large","max-video-preview":"max-video-preview:-1"},"og_locale":"vi_VN","og_type":"article","og_title":"PQA Ho\u00e0ng Ng\u00e2n Ki\u1ec1u - Thu\u1ed1c Nam","og_description":"Thanh nhi\u1ec7t, gi\u1ea3i \u0111\u1ed9c, ch\u1eefa m\u1ee5n nh\u1ecdt","og_url":"https:\/\/webthuocnam.vidoweb.vn\/?product=pqa-hoang-ngan-kieu","og_site_name":"Thu\u1ed1c Nam","article_modified_time":"2020-06-15T06:59:16+00:00","og_image":[{"width":510,"height":338,"url":"https:\/\/webthuocnam.vidoweb.vn\/wp-content\/uploads\/2020\/06\/pqa-hoang-ngan-kieu15822737280.jpg","type":"image\/jpeg"}],"twitter_card":"summary_large_image","twitter_misc":{"\u01af\u1edbc t\u00ednh th\u1eddi gian \u0111\u1ecdc":"2 ph\u00fat"},"schema":{"@context":"https:\/\/schema.org","@graph":[{"@type":"WebPage","@id":"https:\/\/webthuocnam.vidoweb.vn\/?product=pqa-hoang-ngan-kieu","url":"https:\/\/webthuocnam.vidoweb.vn\/?product=pqa-hoang-ngan-kieu","name":"PQA Ho\u00e0ng Ng\u00e2n Ki\u1ec1u - Thu\u1ed1c Nam","isPartOf":{"@id":"https:\/\/webthuocnam.vidoweb.vn\/#website"},"primaryImageOfPage":{"@id":"https:\/\/webthuocnam.vidoweb.vn\/?product=pqa-hoang-ngan-kieu#primaryimage"},"image":{"@id":"https:\/\/webthuocnam.vidoweb.vn\/?product=pqa-hoang-ngan-kieu#primaryimage"},"thumbnailUrl":"https:\/\/webthuocnam.vidoweb.vn\/wp-content\/uploads\/2020\/06\/pqa-hoang-ngan-kieu15822737280.jpg","datePublished":"2020-06-15T06:53:13+00:00","dateModified":"2020-06-15T06:59:16+00:00","breadcrumb":{"@id":"https:\/\/webthuocnam.vidoweb.vn\/?product=pqa-hoang-ngan-kieu#breadcrumb"},"inLanguage":"vi","potentialAction":[{"@type":"ReadAction","target":["https:\/\/webthuocnam.vidoweb.vn\/?product=pqa-hoang-ngan-kieu"]}]},{"@type":"ImageObject","inLanguage":"vi","@id":"https:\/\/webthuocnam.vidoweb.vn\/?product=pqa-hoang-ngan-kieu#primaryimage","url":"https:\/\/webthuocnam.vidoweb.vn\/wp-content\/uploads\/2020\/06\/pqa-hoang-ngan-kieu15822737280.jpg","contentUrl":"https:\/\/webthuocnam.vidoweb.vn\/wp-content\/uploads\/2020\/06\/pqa-hoang-ngan-kieu15822737280.jpg","width":510,"height":338},{"@type":"BreadcrumbList","@id":"https:\/\/webthuocnam.vidoweb.vn\/?product=pqa-hoang-ngan-kieu#breadcrumb","itemListElement":[{"@type":"ListItem","position":1,"name":"Trang ch\u1ee7","item":"https:\/\/webthuocnam.vidoweb.vn\/"},{"@type":"ListItem","position":2,"name":"C\u1eeda h\u00e0ng","item":"https:\/\/webthuocnam.vidoweb.vn\/?page_id=6"},{"@type":"ListItem","position":3,"name":"S\u1eafc \u0111\u1eb9p","item":"https:\/\/webthuocnam.vidoweb.vn\/?product_cat=sac-dep"},{"@type":"ListItem","position":4,"name":"PQA Ho\u00e0ng Ng\u00e2n Ki\u1ec1u"}]},{"@type":"WebSite","@id":"https:\/\/webthuocnam.vidoweb.vn\/#website","url":"https:\/\/webthuocnam.vidoweb.vn\/","name":"Thu\u1ed1c Nam","description":"","potentialAction":[{"@type":"SearchAction","target":{"@type":"EntryPoint","urlTemplate":"https:\/\/webthuocnam.vidoweb.vn\/?s={search_term_string}"},"query-input":{"@type":"PropertyValueSpecification","valueRequired":true,"valueName":"search_term_string"}}],"inLanguage":"vi"}]}},"_links":{"self":[{"href":"https:\/\/webthuocnam.vidoweb.vn\/index.php?rest_route=\/wp\/v2\/product\/169","targetHints":{"allow":["GET"]}}],"collection":[{"href":"https:\/\/webthuocnam.vidoweb.vn\/index.php?rest_route=\/wp\/v2\/product"}],"about":[{"href":"https:\/\/webthuocnam.vidoweb.vn\/index.php?rest_route=\/wp\/v2\/types\/product"}],"replies":[{"embeddable":true,"href":"https:\/\/webthuocnam.vidoweb.vn\/index.php?rest_route=%2Fwp%2Fv2%2Fcomments&post=169"}],"wp:featuredmedia":[{"embeddable":true,"href":"https:\/\/webthuocnam.vidoweb.vn\/index.php?rest_route=\/wp\/v2\/media\/170"}],"wp:attachment":[{"href":"https:\/\/webthuocnam.vidoweb.vn\/index.php?rest_route=%2Fwp%2Fv2%2Fmedia&parent=169"}],"wp:term":[{"taxonomy":"product_brand","embeddable":true,"href":"https:\/\/webthuocnam.vidoweb.vn\/index.php?rest_route=%2Fwp%2Fv2%2Fproduct_brand&post=169"},{"taxonomy":"product_cat","embeddable":true,"href":"https:\/\/webthuocnam.vidoweb.vn\/index.php?rest_route=%2Fwp%2Fv2%2Fproduct_cat&post=169"},{"taxonomy":"product_tag","embeddable":true,"href":"https:\/\/webthuocnam.vidoweb.vn\/index.php?rest_route=%2Fwp%2Fv2%2Fproduct_tag&post=169"}],"curies":[{"name":"wp","href":"https:\/\/api.w.org\/{rel}","templated":true}]}}