{"id":172,"date":"2020-06-15T06:54:32","date_gmt":"2020-06-15T06:54:32","guid":{"rendered":"http:\/\/thuocnam.muathemedep.vn\/?post_type=product&#038;p=172"},"modified":"2020-06-15T06:59:13","modified_gmt":"2020-06-15T06:59:13","slug":"pqa-mat-nhan","status":"publish","type":"product","link":"https:\/\/webthuocnam.vidoweb.vn\/?product=pqa-mat-nhan","title":{"rendered":"PQA M\u1eadt Nh\u00e2n"},"content":{"rendered":"<h2>Th\u00e0nh ph\u1ea7n<\/h2>\n<p>\u0110\u01b0\u01a1ng quy: 200mg<\/p>\n<p>Ho\u00e0ng k\u1ef3: 200mg<\/p>\n<p>C\u00e2u k\u1ef3 t\u1eed: 200mg<\/p>\n<p>Th\u1ee5c \u0111\u1ecba: 200mg<\/p>\n<p>H\u1ed3ng s\u00e2m: 200mg<\/p>\n<p>Sinh \u0111\u1ecba: 200mg<\/p>\n<p>Nh\u00e2n s\u00e2m: 200mg<\/p>\n<p>\u0110\u1ed7 tr\u1ecdng: 160mg<\/p>\n<p>Ng\u01b0u t\u1ea5t: 160mg<\/p>\n<p>Th\u1ea1ch h\u1ed9c: 160mg<\/p>\n<p>Cam c\u00fac hoa: 120mg<\/p>\n<p>T\u00e1o nh\u00e2n: 120mg<\/p>\n<p>\u0110an s\u00e2m: 120mg<\/p>\n<p>Nh\u1ee5c dung thung: 120mg<\/p>\n<p>D\u00e2m d\u01b0\u01a1ng ho\u1eafc: 120mg<\/p>\n<p>T\u1ee5c \u0111oan: 100mg<\/p>\n<p>\u0110\u1ea1i t\u00e1o: 100mg<\/p>\n<p>C\u1ed1t to\u00e1i b\u1ed3: 80mg<\/p>\n<p>Xuy\u00ean khung: 80mg<\/p>\n<p>Tr\u1ea7n b\u00ec: 80mg<\/p>\n<p>M\u1eadt nh\u00e2n: 80mg<\/p>\n<p>Ph\u1ee5 li\u1ec7u: (Magnesium stearate, ch\u1ea5t ch\u1ed1ng \u0111\u00f4ng v\u00f3n &#8211; talc) v\u1eeba \u0111\u1ee7.<\/p>\n<h2>Th\u00e0nh ph\u1ea7n m\u1eadt nh\u00e2n \u0111\u1ecf<\/h2>\n<h2>C\u00f4ng d\u1ee5ng<\/h2>\n<p>Gi\u00fap b\u1ed3i b\u1ed5 s\u1ee9c kh\u1ecfe, h\u1ed7 tr\u1ee3 t\u0103ng c\u01b0\u1eddng sinh l\u1ef1c, m\u1ea1nh g\u00e2n c\u1ed1t, t\u0103ng c\u01b0\u1eddng sinh l\u00fd nam.<\/p>\n<h2>\u0110\u1ed1i t\u01b0\u1ee3ng d\u00f9ng<\/h2>\n<p>&#8211; Nam gi\u1edbi y\u1ebfu sinh l\u00fd, di tinh, m\u1ecdng tinh, xu\u1ea5t tinh s\u1edbm.<\/p>\n<p>&#8211; Nam gi\u1edbi c\u00f3 d\u1ea5u hi\u1ec7u m\u00e3n d\u1ee5c: gi\u1ea3m ham mu\u1ed1n, kh\u00ed l\u1ef1c suy gi\u1ea3m, r\u1ed1i lo\u1ea1n c\u01b0\u01a1ng d\u01b0\u01a1ng, y\u1ebfu sinh l\u00fd, s\u1ee9c kh\u1ecfe suy gi\u1ea3m, m\u1ec7t m\u1ecfi, \u0111au l\u01b0ng, m\u1ecfi g\u1ed1i.<\/p>\n<h2>C\u00e1ch d\u00f9ng<\/h2>\n<p>PQA M\u1eadt Nh\u00e2n V\u00e0ng:\u00a0M\u1ed7i ng\u00e0y u\u1ed1ng 2 l\u1ea7n, m\u1ed7i l\u1ea7n 2 vi\u00ean v\u00e0o s\u00e1ng v\u00e0 tr\u01b0a. M\u1ed7i \u0111\u1ee3t d\u00f9ng li\u00ean t\u1ee5c 3 th\u00e1ng.<\/p>\n<p>PQA M\u1eadt Nh\u00e2n \u0110\u1ecf: Ng\u00e0y u\u1ed1ng 1 l\u1ea7n 2 vi\u00ean v\u00e0o bu\u1ed5i t\u1ed1i. M\u1ed7i \u0111\u1ee3t d\u00f9ng li\u00ean t\u1ee5c 3 th\u00e1ng.<\/p>\n<h2>H\u1ea1n s\u1eed d\u1ee5ng<\/h2>\n<p>03 n\u0103m k\u1ec3 t\u1eeb ng\u00e0y s\u1ea3n xu\u1ea5t. Ng\u00e0y s\u1ea3n xu\u1ea5t v\u00e0 h\u1ea1n s\u1eed d\u1ee5ng ghi tr\u00ean nh\u00e3n s\u1ea3n ph\u1ea9m.<\/p>\n<p><strong>B\u1ea3o qu\u1ea3n<\/strong>: N\u01a1i kh\u00f4 r\u00e1o, s\u1ea1ch s\u1ebd, tho\u00e1ng m\u00e1t, tr\u00e1nh \u00e1nh n\u1eafng tr\u1ef1c ti\u1ebfp.<\/p>\n<p><strong>QUY C\u00c1CH<\/strong>: H\u1ed9p 2 l\u1ecd v\u00e0ng v\u00e0 \u0111\u1ecf.<\/p>\n<p><strong>Ch\u00fa \u00fd:\u00a0Th\u1ef1c ph\u1ea9m n\u00e0y kh\u00f4ng ph\u1ea3i l\u00e0 thu\u1ed1c v\u00e0 kh\u00f4ng c\u00f3 t\u00e1c d\u1ee5ng thay th\u1ebf thu\u1ed1c ch\u1eefa b\u1ec7nh. Kh\u00f4ng d\u00f9ng cho ng\u01b0\u1eddi m\u1eabn c\u1ea3m v\u1edbi b\u1ea5t k\u1ef3 th\u00e0nh ph\u1ea7n n\u00e0o c\u1ee7a s\u1ea3n ph\u1ea9m.<\/strong><\/p>\n","protected":false},"excerpt":{"rendered":"<p>H\u1ed7 tr\u1ee3 b\u1ed5 th\u1eadn tr\u00e1ng d\u01b0\u01a1ng, t\u0103ng c\u01b0\u1eddng sinh l\u1ef1c v\u00e0 sinh l\u00fd nam gi\u1edbi.<\/p>\n","protected":false},"featured_media":173,"comment_status":"open","ping_status":"closed","template":"","meta":[],"product_brand":[],"product_cat":[15],"product_tag":[],"class_list":{"0":"post-172","1":"product","2":"type-product","3":"status-publish","4":"has-post-thumbnail","6":"product_cat-sac-dep","8":"first","9":"instock","10":"featured","11":"shipping-taxable","12":"purchasable","13":"product-type-simple"},"yoast_head":"<!-- This site is optimized with the Yoast SEO plugin v27.6 - https:\/\/yoast.com\/product\/yoast-seo-wordpress\/ -->\n<title>PQA M\u1eadt Nh\u00e2n - Thu\u1ed1c Nam<\/title>\n<meta name=\"robots\" content=\"noindex, follow, max-snippet:-1, max-image-preview:large, max-video-preview:-1\" \/>\n<meta property=\"og:locale\" content=\"vi_VN\" \/>\n<meta property=\"og:type\" content=\"article\" \/>\n<meta property=\"og:title\" content=\"PQA M\u1eadt Nh\u00e2n - Thu\u1ed1c Nam\" \/>\n<meta property=\"og:description\" content=\"H\u1ed7 tr\u1ee3 b\u1ed5 th\u1eadn tr\u00e1ng d\u01b0\u01a1ng, t\u0103ng c\u01b0\u1eddng sinh l\u1ef1c v\u00e0 sinh l\u00fd nam gi\u1edbi.\" \/>\n<meta property=\"og:url\" content=\"https:\/\/webthuocnam.vidoweb.vn\/?product=pqa-mat-nhan\" \/>\n<meta property=\"og:site_name\" content=\"Thu\u1ed1c Nam\" \/>\n<meta property=\"article:modified_time\" content=\"2020-06-15T06:59:13+00:00\" \/>\n<meta property=\"og:image\" content=\"https:\/\/webthuocnam.vidoweb.vn\/wp-content\/uploads\/2020\/06\/pqa-mat-nhan15822737287.jpg\" \/>\n\t<meta property=\"og:image:width\" content=\"600\" \/>\n\t<meta property=\"og:image:height\" content=\"525\" \/>\n\t<meta property=\"og:image:type\" content=\"image\/jpeg\" \/>\n<meta name=\"twitter:card\" content=\"summary_large_image\" \/>\n<meta name=\"twitter:label1\" content=\"\u01af\u1edbc t\u00ednh th\u1eddi gian \u0111\u1ecdc\" \/>\n\t<meta name=\"twitter:data1\" content=\"2 ph\u00fat\" \/>\n<script type=\"application\/ld+json\" class=\"yoast-schema-graph\">{\"@context\":\"https:\\\/\\\/schema.org\",\"@graph\":[{\"@type\":\"WebPage\",\"@id\":\"https:\\\/\\\/webthuocnam.vidoweb.vn\\\/?product=pqa-mat-nhan\",\"url\":\"https:\\\/\\\/webthuocnam.vidoweb.vn\\\/?product=pqa-mat-nhan\",\"name\":\"PQA M\u1eadt Nh\u00e2n - Thu\u1ed1c Nam\",\"isPartOf\":{\"@id\":\"https:\\\/\\\/webthuocnam.vidoweb.vn\\\/#website\"},\"primaryImageOfPage\":{\"@id\":\"https:\\\/\\\/webthuocnam.vidoweb.vn\\\/?product=pqa-mat-nhan#primaryimage\"},\"image\":{\"@id\":\"https:\\\/\\\/webthuocnam.vidoweb.vn\\\/?product=pqa-mat-nhan#primaryimage\"},\"thumbnailUrl\":\"https:\\\/\\\/webthuocnam.vidoweb.vn\\\/wp-content\\\/uploads\\\/2020\\\/06\\\/pqa-mat-nhan15822737287.jpg\",\"datePublished\":\"2020-06-15T06:54:32+00:00\",\"dateModified\":\"2020-06-15T06:59:13+00:00\",\"breadcrumb\":{\"@id\":\"https:\\\/\\\/webthuocnam.vidoweb.vn\\\/?product=pqa-mat-nhan#breadcrumb\"},\"inLanguage\":\"vi\",\"potentialAction\":[{\"@type\":\"ReadAction\",\"target\":[\"https:\\\/\\\/webthuocnam.vidoweb.vn\\\/?product=pqa-mat-nhan\"]}]},{\"@type\":\"ImageObject\",\"inLanguage\":\"vi\",\"@id\":\"https:\\\/\\\/webthuocnam.vidoweb.vn\\\/?product=pqa-mat-nhan#primaryimage\",\"url\":\"https:\\\/\\\/webthuocnam.vidoweb.vn\\\/wp-content\\\/uploads\\\/2020\\\/06\\\/pqa-mat-nhan15822737287.jpg\",\"contentUrl\":\"https:\\\/\\\/webthuocnam.vidoweb.vn\\\/wp-content\\\/uploads\\\/2020\\\/06\\\/pqa-mat-nhan15822737287.jpg\",\"width\":600,\"height\":525},{\"@type\":\"BreadcrumbList\",\"@id\":\"https:\\\/\\\/webthuocnam.vidoweb.vn\\\/?product=pqa-mat-nhan#breadcrumb\",\"itemListElement\":[{\"@type\":\"ListItem\",\"position\":1,\"name\":\"Trang ch\u1ee7\",\"item\":\"https:\\\/\\\/webthuocnam.vidoweb.vn\\\/\"},{\"@type\":\"ListItem\",\"position\":2,\"name\":\"C\u1eeda h\u00e0ng\",\"item\":\"https:\\\/\\\/webthuocnam.vidoweb.vn\\\/?page_id=6\"},{\"@type\":\"ListItem\",\"position\":3,\"name\":\"S\u1eafc \u0111\u1eb9p\",\"item\":\"https:\\\/\\\/webthuocnam.vidoweb.vn\\\/?product_cat=sac-dep\"},{\"@type\":\"ListItem\",\"position\":4,\"name\":\"PQA M\u1eadt Nh\u00e2n\"}]},{\"@type\":\"WebSite\",\"@id\":\"https:\\\/\\\/webthuocnam.vidoweb.vn\\\/#website\",\"url\":\"https:\\\/\\\/webthuocnam.vidoweb.vn\\\/\",\"name\":\"Thu\u1ed1c Nam\",\"description\":\"\",\"potentialAction\":[{\"@type\":\"SearchAction\",\"target\":{\"@type\":\"EntryPoint\",\"urlTemplate\":\"https:\\\/\\\/webthuocnam.vidoweb.vn\\\/?s={search_term_string}\"},\"query-input\":{\"@type\":\"PropertyValueSpecification\",\"valueRequired\":true,\"valueName\":\"search_term_string\"}}],\"inLanguage\":\"vi\"}]}<\/script>\n<!-- \/ Yoast SEO plugin. -->","yoast_head_json":{"title":"PQA M\u1eadt Nh\u00e2n - Thu\u1ed1c Nam","robots":{"index":"noindex","follow":"follow","max-snippet":"max-snippet:-1","max-image-preview":"max-image-preview:large","max-video-preview":"max-video-preview:-1"},"og_locale":"vi_VN","og_type":"article","og_title":"PQA M\u1eadt Nh\u00e2n - Thu\u1ed1c Nam","og_description":"H\u1ed7 tr\u1ee3 b\u1ed5 th\u1eadn tr\u00e1ng d\u01b0\u01a1ng, t\u0103ng c\u01b0\u1eddng sinh l\u1ef1c v\u00e0 sinh l\u00fd nam gi\u1edbi.","og_url":"https:\/\/webthuocnam.vidoweb.vn\/?product=pqa-mat-nhan","og_site_name":"Thu\u1ed1c Nam","article_modified_time":"2020-06-15T06:59:13+00:00","og_image":[{"width":600,"height":525,"url":"https:\/\/webthuocnam.vidoweb.vn\/wp-content\/uploads\/2020\/06\/pqa-mat-nhan15822737287.jpg","type":"image\/jpeg"}],"twitter_card":"summary_large_image","twitter_misc":{"\u01af\u1edbc t\u00ednh th\u1eddi gian \u0111\u1ecdc":"2 ph\u00fat"},"schema":{"@context":"https:\/\/schema.org","@graph":[{"@type":"WebPage","@id":"https:\/\/webthuocnam.vidoweb.vn\/?product=pqa-mat-nhan","url":"https:\/\/webthuocnam.vidoweb.vn\/?product=pqa-mat-nhan","name":"PQA M\u1eadt Nh\u00e2n - Thu\u1ed1c Nam","isPartOf":{"@id":"https:\/\/webthuocnam.vidoweb.vn\/#website"},"primaryImageOfPage":{"@id":"https:\/\/webthuocnam.vidoweb.vn\/?product=pqa-mat-nhan#primaryimage"},"image":{"@id":"https:\/\/webthuocnam.vidoweb.vn\/?product=pqa-mat-nhan#primaryimage"},"thumbnailUrl":"https:\/\/webthuocnam.vidoweb.vn\/wp-content\/uploads\/2020\/06\/pqa-mat-nhan15822737287.jpg","datePublished":"2020-06-15T06:54:32+00:00","dateModified":"2020-06-15T06:59:13+00:00","breadcrumb":{"@id":"https:\/\/webthuocnam.vidoweb.vn\/?product=pqa-mat-nhan#breadcrumb"},"inLanguage":"vi","potentialAction":[{"@type":"ReadAction","target":["https:\/\/webthuocnam.vidoweb.vn\/?product=pqa-mat-nhan"]}]},{"@type":"ImageObject","inLanguage":"vi","@id":"https:\/\/webthuocnam.vidoweb.vn\/?product=pqa-mat-nhan#primaryimage","url":"https:\/\/webthuocnam.vidoweb.vn\/wp-content\/uploads\/2020\/06\/pqa-mat-nhan15822737287.jpg","contentUrl":"https:\/\/webthuocnam.vidoweb.vn\/wp-content\/uploads\/2020\/06\/pqa-mat-nhan15822737287.jpg","width":600,"height":525},{"@type":"BreadcrumbList","@id":"https:\/\/webthuocnam.vidoweb.vn\/?product=pqa-mat-nhan#breadcrumb","itemListElement":[{"@type":"ListItem","position":1,"name":"Trang ch\u1ee7","item":"https:\/\/webthuocnam.vidoweb.vn\/"},{"@type":"ListItem","position":2,"name":"C\u1eeda h\u00e0ng","item":"https:\/\/webthuocnam.vidoweb.vn\/?page_id=6"},{"@type":"ListItem","position":3,"name":"S\u1eafc \u0111\u1eb9p","item":"https:\/\/webthuocnam.vidoweb.vn\/?product_cat=sac-dep"},{"@type":"ListItem","position":4,"name":"PQA M\u1eadt Nh\u00e2n"}]},{"@type":"WebSite","@id":"https:\/\/webthuocnam.vidoweb.vn\/#website","url":"https:\/\/webthuocnam.vidoweb.vn\/","name":"Thu\u1ed1c Nam","description":"","potentialAction":[{"@type":"SearchAction","target":{"@type":"EntryPoint","urlTemplate":"https:\/\/webthuocnam.vidoweb.vn\/?s={search_term_string}"},"query-input":{"@type":"PropertyValueSpecification","valueRequired":true,"valueName":"search_term_string"}}],"inLanguage":"vi"}]}},"_links":{"self":[{"href":"https:\/\/webthuocnam.vidoweb.vn\/index.php?rest_route=\/wp\/v2\/product\/172","targetHints":{"allow":["GET"]}}],"collection":[{"href":"https:\/\/webthuocnam.vidoweb.vn\/index.php?rest_route=\/wp\/v2\/product"}],"about":[{"href":"https:\/\/webthuocnam.vidoweb.vn\/index.php?rest_route=\/wp\/v2\/types\/product"}],"replies":[{"embeddable":true,"href":"https:\/\/webthuocnam.vidoweb.vn\/index.php?rest_route=%2Fwp%2Fv2%2Fcomments&post=172"}],"wp:featuredmedia":[{"embeddable":true,"href":"https:\/\/webthuocnam.vidoweb.vn\/index.php?rest_route=\/wp\/v2\/media\/173"}],"wp:attachment":[{"href":"https:\/\/webthuocnam.vidoweb.vn\/index.php?rest_route=%2Fwp%2Fv2%2Fmedia&parent=172"}],"wp:term":[{"taxonomy":"product_brand","embeddable":true,"href":"https:\/\/webthuocnam.vidoweb.vn\/index.php?rest_route=%2Fwp%2Fv2%2Fproduct_brand&post=172"},{"taxonomy":"product_cat","embeddable":true,"href":"https:\/\/webthuocnam.vidoweb.vn\/index.php?rest_route=%2Fwp%2Fv2%2Fproduct_cat&post=172"},{"taxonomy":"product_tag","embeddable":true,"href":"https:\/\/webthuocnam.vidoweb.vn\/index.php?rest_route=%2Fwp%2Fv2%2Fproduct_tag&post=172"}],"curies":[{"name":"wp","href":"https:\/\/api.w.org\/{rel}","templated":true}]}}