{"id":174,"date":"2020-06-15T06:56:27","date_gmt":"2020-06-15T06:56:27","guid":{"rendered":"http:\/\/thuocnam.muathemedep.vn\/?post_type=product&#038;p=174"},"modified":"2020-06-15T06:59:10","modified_gmt":"2020-06-15T06:59:10","slug":"pqa-ngo-thu-du","status":"publish","type":"product","link":"https:\/\/webthuocnam.vidoweb.vn\/?product=pqa-ngo-thu-du","title":{"rendered":"PQA Ng\u00f4 Th\u00f9 Du"},"content":{"rendered":"<h2>Th\u00e0nh ph\u1ea7n<\/h2>\n<p>Cho 10ml:<\/p>\n<p>Thanh \u0111\u1ea1i \u0111i\u1ec7p: 1,60g<\/p>\n<p>B\u1ea1ch \u0111\u1ea7u \u00f4ng: 1,20g<\/p>\n<p>H\u1ea3i phi\u00eau ti\u00eau: 0,96g<\/p>\n<p>\u0110\u1ed7 tr\u1ecdng: 0,96g<\/p>\n<p>K\u1ef7 t\u1eed: 0,96g<\/p>\n<p>Ho\u00e0ng b\u00e1: 0,80g<\/p>\n<p>Th\u01b0\u01a1ng tru\u1eadt: 0,64g<\/p>\n<p>Ng\u00f4 th\u00f9 du: 0,48g<\/p>\n<p>Ph\u1ee5 li\u1ec7u: matribenzat, n\u01b0\u1edbc tinh khi\u1ebft v\u1eeba \u0111\u1ee7<\/p>\n<h2>C\u00f4ng d\u1ee5ng<\/h2>\n<p>H\u1ed7 tr\u1ee3 gi\u1ea3m kh\u00ed h\u01b0, gi\u1ea3m vi\u00eam ph\u1ee5 khoa.<\/p>\n<h2>\u0110\u1ed1i t\u01b0\u1ee3ng s\u1eed d\u1ee5ng<\/h2>\n<p>Ph\u1ee5 n\u1eef m\u1eafc vi\u00eam ph\u1ee5 khoa, kh\u00ed h\u01b0 ra nhi\u1ec1u<\/p>\n<h2>C\u00e1ch\u00a0d\u00f9ng<\/h2>\n<p>Ng\u00e0y u\u1ed1ng 3 l\u1ea7n sau khi \u0103n, m\u1ed7i l\u1ea7n 20ml<\/p>\n<p>Pha n\u01b0\u1edbc s\u00f4i, khu\u1ea5y cho tan ho\u00e0n to\u00e0n.<\/p>\n<p>N\u00ean s\u1eed d\u1ee5ng s\u1ea3n ph\u1ea9m li\u00ean t\u1ee5c \u00edt nh\u1ea5t 3 th\u00e1ng.<\/p>\n<h3>*L\u01b0u \u00fd:<\/h3>\n<ul>\n<li>C\u00f3 cao l\u1eafng, n\u00ean l\u1eafc \u0111\u1ec1u u\u1ed1ng h\u1ebft.<\/li>\n<li>Kh\u00f4ng d\u00f9ng cho ph\u1ee5 n\u1eef c\u00f3 thai, ng\u01b0\u1eddi m\u1eabn c\u1ea3m v\u1edbi b\u1ea5t k\u1ef3 th\u00e0nh ph\u1ea7n n\u00e0o c\u1ee7a s\u1ea3n ph\u1ea9m n\u00e0y.<\/li>\n<li>Tham kh\u1ea3o \u00fd ki\u1ebfn th\u1ea7y thu\u1ed1c tr\u01b0\u1edbc khi d\u00f9ng.<\/li>\n<\/ul>\n<p><em>S\u1ea3n ph\u1ea9m kh\u00f4ng c\u00f3 \u0111\u01b0\u1eddng saccarose, c\u00f3 th\u1ec3 d\u00f9ng cho ng\u01b0\u1eddi b\u1ecb ti\u1ec3u \u0111\u01b0\u1eddng<\/em><\/p>\n<h2><strong>B\u1ea3o qu\u1ea3n<\/strong><\/h2>\n<p>N\u01a1i kh\u00f4 m\u00e1t, tr\u00e1nh \u00e1nh s\u00e1ng tr\u1ef1c ti\u1ebfp.<\/p>\n<h2><strong>H\u1ea1n d\u00f9ng<\/strong><\/h2>\n<p>03\u00a0n\u0103m k\u1ec3 t\u1eeb ng\u00e0y s\u1ea3n xu\u1ea5t. Ng\u00e0y s\u1ea3n xu\u1ea5t v\u00e0 h\u1ea1n s\u1eed d\u1ee5ng ghi \u1edf tr\u00ean nh\u00e3n s\u1ea3n ph\u1ea9m.<\/p>\n<p>Ch\u00fa \u00fd:\u00a0<em>Th\u1ef1c ph\u1ea9m n\u00e0y kh\u00f4ng ph\u1ea3i l\u00e0 thu\u1ed1c, kh\u00f4ng c\u00f3 t\u00e1c d\u1ee5ng thay th\u1ebf thu\u1ed1c ch\u1eefa b\u1ec7nh.<\/em><\/p>\n","protected":false},"excerpt":{"rendered":"<p>Gi\u1ea3m kh\u00ed h\u01b0, gi\u1ea3m vi\u00eam ph\u1ee5 khoa<\/p>\n","protected":false},"featured_media":175,"comment_status":"open","ping_status":"closed","template":"","meta":[],"product_brand":[],"product_cat":[15],"product_tag":[],"class_list":{"0":"post-174","1":"product","2":"type-product","3":"status-publish","4":"has-post-thumbnail","6":"product_cat-sac-dep","8":"first","9":"instock","10":"featured","11":"shipping-taxable","12":"purchasable","13":"product-type-simple"},"yoast_head":"<!-- This site is optimized with the Yoast SEO plugin v27.6 - https:\/\/yoast.com\/product\/yoast-seo-wordpress\/ -->\n<title>PQA Ng\u00f4 Th\u00f9 Du - Thu\u1ed1c Nam<\/title>\n<meta name=\"robots\" content=\"noindex, follow, max-snippet:-1, max-image-preview:large, max-video-preview:-1\" \/>\n<meta property=\"og:locale\" content=\"vi_VN\" \/>\n<meta property=\"og:type\" content=\"article\" \/>\n<meta property=\"og:title\" content=\"PQA Ng\u00f4 Th\u00f9 Du - Thu\u1ed1c Nam\" \/>\n<meta property=\"og:description\" content=\"Gi\u1ea3m kh\u00ed h\u01b0, gi\u1ea3m vi\u00eam ph\u1ee5 khoa\" \/>\n<meta property=\"og:url\" content=\"https:\/\/webthuocnam.vidoweb.vn\/?product=pqa-ngo-thu-du\" \/>\n<meta property=\"og:site_name\" content=\"Thu\u1ed1c Nam\" \/>\n<meta property=\"article:modified_time\" content=\"2020-06-15T06:59:10+00:00\" \/>\n<meta property=\"og:image\" content=\"https:\/\/webthuocnam.vidoweb.vn\/wp-content\/uploads\/2020\/06\/pqa-ngo-thu-du15822737338.jpg\" \/>\n\t<meta property=\"og:image:width\" content=\"600\" \/>\n\t<meta property=\"og:image:height\" content=\"600\" \/>\n\t<meta property=\"og:image:type\" content=\"image\/jpeg\" \/>\n<meta name=\"twitter:card\" content=\"summary_large_image\" \/>\n<meta name=\"twitter:label1\" content=\"\u01af\u1edbc t\u00ednh th\u1eddi gian \u0111\u1ecdc\" \/>\n\t<meta name=\"twitter:data1\" content=\"2 ph\u00fat\" \/>\n<script type=\"application\/ld+json\" class=\"yoast-schema-graph\">{\"@context\":\"https:\\\/\\\/schema.org\",\"@graph\":[{\"@type\":\"WebPage\",\"@id\":\"https:\\\/\\\/webthuocnam.vidoweb.vn\\\/?product=pqa-ngo-thu-du\",\"url\":\"https:\\\/\\\/webthuocnam.vidoweb.vn\\\/?product=pqa-ngo-thu-du\",\"name\":\"PQA Ng\u00f4 Th\u00f9 Du - Thu\u1ed1c Nam\",\"isPartOf\":{\"@id\":\"https:\\\/\\\/webthuocnam.vidoweb.vn\\\/#website\"},\"primaryImageOfPage\":{\"@id\":\"https:\\\/\\\/webthuocnam.vidoweb.vn\\\/?product=pqa-ngo-thu-du#primaryimage\"},\"image\":{\"@id\":\"https:\\\/\\\/webthuocnam.vidoweb.vn\\\/?product=pqa-ngo-thu-du#primaryimage\"},\"thumbnailUrl\":\"https:\\\/\\\/webthuocnam.vidoweb.vn\\\/wp-content\\\/uploads\\\/2020\\\/06\\\/pqa-ngo-thu-du15822737338.jpg\",\"datePublished\":\"2020-06-15T06:56:27+00:00\",\"dateModified\":\"2020-06-15T06:59:10+00:00\",\"breadcrumb\":{\"@id\":\"https:\\\/\\\/webthuocnam.vidoweb.vn\\\/?product=pqa-ngo-thu-du#breadcrumb\"},\"inLanguage\":\"vi\",\"potentialAction\":[{\"@type\":\"ReadAction\",\"target\":[\"https:\\\/\\\/webthuocnam.vidoweb.vn\\\/?product=pqa-ngo-thu-du\"]}]},{\"@type\":\"ImageObject\",\"inLanguage\":\"vi\",\"@id\":\"https:\\\/\\\/webthuocnam.vidoweb.vn\\\/?product=pqa-ngo-thu-du#primaryimage\",\"url\":\"https:\\\/\\\/webthuocnam.vidoweb.vn\\\/wp-content\\\/uploads\\\/2020\\\/06\\\/pqa-ngo-thu-du15822737338.jpg\",\"contentUrl\":\"https:\\\/\\\/webthuocnam.vidoweb.vn\\\/wp-content\\\/uploads\\\/2020\\\/06\\\/pqa-ngo-thu-du15822737338.jpg\",\"width\":600,\"height\":600},{\"@type\":\"BreadcrumbList\",\"@id\":\"https:\\\/\\\/webthuocnam.vidoweb.vn\\\/?product=pqa-ngo-thu-du#breadcrumb\",\"itemListElement\":[{\"@type\":\"ListItem\",\"position\":1,\"name\":\"Trang ch\u1ee7\",\"item\":\"https:\\\/\\\/webthuocnam.vidoweb.vn\\\/\"},{\"@type\":\"ListItem\",\"position\":2,\"name\":\"C\u1eeda h\u00e0ng\",\"item\":\"https:\\\/\\\/webthuocnam.vidoweb.vn\\\/?page_id=6\"},{\"@type\":\"ListItem\",\"position\":3,\"name\":\"S\u1eafc \u0111\u1eb9p\",\"item\":\"https:\\\/\\\/webthuocnam.vidoweb.vn\\\/?product_cat=sac-dep\"},{\"@type\":\"ListItem\",\"position\":4,\"name\":\"PQA Ng\u00f4 Th\u00f9 Du\"}]},{\"@type\":\"WebSite\",\"@id\":\"https:\\\/\\\/webthuocnam.vidoweb.vn\\\/#website\",\"url\":\"https:\\\/\\\/webthuocnam.vidoweb.vn\\\/\",\"name\":\"Thu\u1ed1c Nam\",\"description\":\"\",\"potentialAction\":[{\"@type\":\"SearchAction\",\"target\":{\"@type\":\"EntryPoint\",\"urlTemplate\":\"https:\\\/\\\/webthuocnam.vidoweb.vn\\\/?s={search_term_string}\"},\"query-input\":{\"@type\":\"PropertyValueSpecification\",\"valueRequired\":true,\"valueName\":\"search_term_string\"}}],\"inLanguage\":\"vi\"}]}<\/script>\n<!-- \/ Yoast SEO plugin. -->","yoast_head_json":{"title":"PQA Ng\u00f4 Th\u00f9 Du - Thu\u1ed1c Nam","robots":{"index":"noindex","follow":"follow","max-snippet":"max-snippet:-1","max-image-preview":"max-image-preview:large","max-video-preview":"max-video-preview:-1"},"og_locale":"vi_VN","og_type":"article","og_title":"PQA Ng\u00f4 Th\u00f9 Du - Thu\u1ed1c Nam","og_description":"Gi\u1ea3m kh\u00ed h\u01b0, gi\u1ea3m vi\u00eam ph\u1ee5 khoa","og_url":"https:\/\/webthuocnam.vidoweb.vn\/?product=pqa-ngo-thu-du","og_site_name":"Thu\u1ed1c Nam","article_modified_time":"2020-06-15T06:59:10+00:00","og_image":[{"width":600,"height":600,"url":"https:\/\/webthuocnam.vidoweb.vn\/wp-content\/uploads\/2020\/06\/pqa-ngo-thu-du15822737338.jpg","type":"image\/jpeg"}],"twitter_card":"summary_large_image","twitter_misc":{"\u01af\u1edbc t\u00ednh th\u1eddi gian \u0111\u1ecdc":"2 ph\u00fat"},"schema":{"@context":"https:\/\/schema.org","@graph":[{"@type":"WebPage","@id":"https:\/\/webthuocnam.vidoweb.vn\/?product=pqa-ngo-thu-du","url":"https:\/\/webthuocnam.vidoweb.vn\/?product=pqa-ngo-thu-du","name":"PQA Ng\u00f4 Th\u00f9 Du - Thu\u1ed1c Nam","isPartOf":{"@id":"https:\/\/webthuocnam.vidoweb.vn\/#website"},"primaryImageOfPage":{"@id":"https:\/\/webthuocnam.vidoweb.vn\/?product=pqa-ngo-thu-du#primaryimage"},"image":{"@id":"https:\/\/webthuocnam.vidoweb.vn\/?product=pqa-ngo-thu-du#primaryimage"},"thumbnailUrl":"https:\/\/webthuocnam.vidoweb.vn\/wp-content\/uploads\/2020\/06\/pqa-ngo-thu-du15822737338.jpg","datePublished":"2020-06-15T06:56:27+00:00","dateModified":"2020-06-15T06:59:10+00:00","breadcrumb":{"@id":"https:\/\/webthuocnam.vidoweb.vn\/?product=pqa-ngo-thu-du#breadcrumb"},"inLanguage":"vi","potentialAction":[{"@type":"ReadAction","target":["https:\/\/webthuocnam.vidoweb.vn\/?product=pqa-ngo-thu-du"]}]},{"@type":"ImageObject","inLanguage":"vi","@id":"https:\/\/webthuocnam.vidoweb.vn\/?product=pqa-ngo-thu-du#primaryimage","url":"https:\/\/webthuocnam.vidoweb.vn\/wp-content\/uploads\/2020\/06\/pqa-ngo-thu-du15822737338.jpg","contentUrl":"https:\/\/webthuocnam.vidoweb.vn\/wp-content\/uploads\/2020\/06\/pqa-ngo-thu-du15822737338.jpg","width":600,"height":600},{"@type":"BreadcrumbList","@id":"https:\/\/webthuocnam.vidoweb.vn\/?product=pqa-ngo-thu-du#breadcrumb","itemListElement":[{"@type":"ListItem","position":1,"name":"Trang ch\u1ee7","item":"https:\/\/webthuocnam.vidoweb.vn\/"},{"@type":"ListItem","position":2,"name":"C\u1eeda h\u00e0ng","item":"https:\/\/webthuocnam.vidoweb.vn\/?page_id=6"},{"@type":"ListItem","position":3,"name":"S\u1eafc \u0111\u1eb9p","item":"https:\/\/webthuocnam.vidoweb.vn\/?product_cat=sac-dep"},{"@type":"ListItem","position":4,"name":"PQA Ng\u00f4 Th\u00f9 Du"}]},{"@type":"WebSite","@id":"https:\/\/webthuocnam.vidoweb.vn\/#website","url":"https:\/\/webthuocnam.vidoweb.vn\/","name":"Thu\u1ed1c Nam","description":"","potentialAction":[{"@type":"SearchAction","target":{"@type":"EntryPoint","urlTemplate":"https:\/\/webthuocnam.vidoweb.vn\/?s={search_term_string}"},"query-input":{"@type":"PropertyValueSpecification","valueRequired":true,"valueName":"search_term_string"}}],"inLanguage":"vi"}]}},"_links":{"self":[{"href":"https:\/\/webthuocnam.vidoweb.vn\/index.php?rest_route=\/wp\/v2\/product\/174","targetHints":{"allow":["GET"]}}],"collection":[{"href":"https:\/\/webthuocnam.vidoweb.vn\/index.php?rest_route=\/wp\/v2\/product"}],"about":[{"href":"https:\/\/webthuocnam.vidoweb.vn\/index.php?rest_route=\/wp\/v2\/types\/product"}],"replies":[{"embeddable":true,"href":"https:\/\/webthuocnam.vidoweb.vn\/index.php?rest_route=%2Fwp%2Fv2%2Fcomments&post=174"}],"wp:featuredmedia":[{"embeddable":true,"href":"https:\/\/webthuocnam.vidoweb.vn\/index.php?rest_route=\/wp\/v2\/media\/175"}],"wp:attachment":[{"href":"https:\/\/webthuocnam.vidoweb.vn\/index.php?rest_route=%2Fwp%2Fv2%2Fmedia&parent=174"}],"wp:term":[{"taxonomy":"product_brand","embeddable":true,"href":"https:\/\/webthuocnam.vidoweb.vn\/index.php?rest_route=%2Fwp%2Fv2%2Fproduct_brand&post=174"},{"taxonomy":"product_cat","embeddable":true,"href":"https:\/\/webthuocnam.vidoweb.vn\/index.php?rest_route=%2Fwp%2Fv2%2Fproduct_cat&post=174"},{"taxonomy":"product_tag","embeddable":true,"href":"https:\/\/webthuocnam.vidoweb.vn\/index.php?rest_route=%2Fwp%2Fv2%2Fproduct_tag&post=174"}],"curies":[{"name":"wp","href":"https:\/\/api.w.org\/{rel}","templated":true}]}}