{"id":182,"date":"2020-06-15T06:58:54","date_gmt":"2020-06-15T06:58:54","guid":{"rendered":"http:\/\/thuocnam.muathemedep.vn\/?post_type=product&#038;p=182"},"modified":"2020-06-15T06:59:05","modified_gmt":"2020-06-15T06:59:05","slug":"pqa-sang-da-ngoc-to-nu","status":"publish","type":"product","link":"https:\/\/webthuocnam.vidoweb.vn\/?product=pqa-sang-da-ngoc-to-nu","title":{"rendered":"PQA S\u00e1ng Da Ng\u1ecdc T\u1ed1 N\u1eef"},"content":{"rendered":"<h2>Th\u00e0nh ph\u1ea7n<\/h2>\n<h3>A giao: 0.9g<\/h3>\n<h3>Ph\u1ee5c linh: 1.8g<\/h3>\n<p>B\u1ea1ch th\u01b0\u1ee3c: 1.8g<\/p>\n<h3>B\u1ea1ch tru\u1eadt: 1.8g<\/h3>\n<h3>Cam th\u1ea3o: 5.4g<\/h3>\n<h3>\u0110\u1ea3ng s\u00e2m: 1.44g<\/h3>\n<h3>\u0110\u01b0\u01a1ng quy: 1.8g<\/h3>\n<h3>Ho\u00e0ng c\u1ea7m: 0.9g<\/h3>\n<h3>H\u1ed5 ph\u00e1ch: 0.9g<\/h3>\n<h3>H\u01b0\u01a1ng ph\u1ee5: 1.8g<\/h3>\n<h3>\u00cdch m\u1eabu: 10.8g<\/h3>\n<h3>M\u1ed9c h\u01b0\u01a1ng: 0.9g<\/h3>\n<h3>Ng\u01b0u t\u1ea5t: 7.2g<\/h3>\n<h3>\u00d4 \u0111\u1ea7u: 1.8g<\/h3>\n<h3>Tr\u1ea7n b\u00ec: 1.8g<\/h3>\n<h3>Sa nh\u00e2n: 0.9g<\/h3>\n<h3>Sinh \u0111\u1ecba: 1.8g<\/h3>\n<h3>Th\u1ee5c \u0111\u1ecba: 1.8g<\/h3>\n<h3>T\u00f4 di\u1ec7p: 0.9g<\/h3>\n<h3>Tr\u1ea7m h\u01b0\u01a1ng: 1.8g<\/h3>\n<h3>Xuy\u00ean khung: 1.8g<\/h3>\n<p>Th\u00e0nh ph\u1ea7n kh\u00e1c (Lactose) v\u1eeba \u0111\u1ee7 1 g\u00f3i 5g<\/p>\n<h2>C\u00f4ng d\u1ee5ng<\/h2>\n<p>T\u01b0 \u00e2m d\u01b0\u1ee1ng huy\u1ebft, b\u1ed5 huy\u1ebft, ho\u1ea1t huy\u1ebft th\u00f4ng kinh, gi\u1ea3i u\u1ea5t \u0111i\u1ec1u kinh, h\u00e0nh kh\u00ed ch\u1ec9 th\u1ed1ng cho l\u00e0n da tr\u1eafng h\u1ed3ng, m\u1ecbn m\u00e0ng t\u01b0\u01a1i tr\u1ebb.<\/p>\n<h2>\u0110\u1ed1i t\u01b0\u1ee3ng\u00a0s\u1eed d\u1ee5ng<\/h2>\n<p>Ph\u1ee5 n\u1eef da nh\u0103n, s\u1ea1m da, n\u00e1m da, t\u00e0n nhang, tr\u1ee9ng c\u00e1<\/p>\n<h2>C\u00e1ch\u00a0s\u1eed d\u1ee5ng<\/h2>\n<ul>\n<li>Ng\u00e0y u\u1ed1ng 3 l\u1ea7n, m\u1ed7i l\u1ea7n 1-2 g\u00f3i.\u00a0U\u1ed1ng sau khi \u0103n v\u00e0 ch\u1ec9 u\u1ed1ng v\u00e0o nh\u1eefng ng\u00e0y kh\u00f4ng b\u1ecb h\u00e0nh kinh.<\/li>\n<li>S\u1eed d\u1ee5ng\u00a0li\u00ean t\u1ee5c 1 \u2013 2 th\u00e1ng s\u1ebd c\u00f3 t\u00e1c d\u1ee5ng t\u1ed1t, n\u00ean u\u1ed1ng \u0111\u1ee7 3 \u2013 6 th\u00e1ng \u0111\u1ec3 c\u00f3 l\u00e0n da c\u0103ng, s\u00e1ng, \u0111\u1eb9p.<\/li>\n<li>N\u00ean s\u1eed d\u1ee5ng th\u01b0\u1eddng xuy\u00ean h\u00e0ng ng\u00e0y \u0111\u1ec3 c\u00f3 m\u1ed9t l\u00e0n da s\u00e1ng h\u1ed3ng, m\u1ecbn m\u00e0ng, t\u01b0\u01a1i tr\u1ebb.<\/li>\n<\/ul>\n<p>* Kh\u00f4ng d\u00f9ng cho ph\u1ee5 n\u1eef c\u00f3 thai ho\u1eb7c \u0111ang c\u00f3 h\u00e0nh kinh.<\/p>\n<p>* S\u1ea3n ph\u1ea9m kh\u00f4ng c\u00f3 \u0111\u01b0\u1eddng saccaroza (\u0111\u01b0\u1eddng tr\u1eafng) d\u00f9ng an to\u00e0n cho ng\u01b0\u1eddi b\u1ecb ti\u1ec3u \u0111\u01b0\u1eddng.<\/p>\n<h2><strong>B\u1ea3o qu\u1ea3n<\/strong><\/h2>\n<p>N\u01a1i kh\u00f4 r\u00e1o, tho\u00e1ng m\u00e1t, tr\u00e1nh \u00e1nh s\u00e1ng.<\/p>\n<p><strong>Ch\u00fa \u00fd:\u00a0Th\u1ef1c ph\u1ea9m n\u00e0y kh\u00f4ng ph\u1ea3i l\u00e0 thu\u1ed1c v\u00e0 kh\u00f4ng c\u00f3 t\u00e1c d\u1ee5ng thay th\u1ebf thu\u1ed1c ch\u1eefa b\u1ec7nh. Kh\u00f4ng d\u00f9ng cho ng\u01b0\u1eddi m\u1eabn c\u1ea3m v\u1edbi b\u1ea5t k\u1ef3 th\u00e0nh ph\u1ea7n n\u00e0o c\u1ee7a s\u1ea3n ph\u1ea9m.<\/strong><\/p>\n","protected":false},"excerpt":{"rendered":"<p>Cho l\u00e0n da s\u00e1ng h\u1ed3ng, m\u1ecbn m\u00e0ng, t\u01b0\u01a1i tr\u1ebb<\/p>\n","protected":false},"featured_media":183,"comment_status":"open","ping_status":"closed","template":"","meta":[],"product_brand":[],"product_cat":[15],"product_tag":[],"class_list":{"0":"post-182","1":"product","2":"type-product","3":"status-publish","4":"has-post-thumbnail","6":"product_cat-sac-dep","8":"first","9":"instock","10":"featured","11":"shipping-taxable","12":"purchasable","13":"product-type-simple"},"yoast_head":"<!-- This site is optimized with the Yoast SEO plugin v27.6 - https:\/\/yoast.com\/product\/yoast-seo-wordpress\/ -->\n<title>PQA S\u00e1ng Da Ng\u1ecdc T\u1ed1 N\u1eef - Thu\u1ed1c Nam<\/title>\n<meta name=\"robots\" content=\"noindex, follow, max-snippet:-1, max-image-preview:large, max-video-preview:-1\" \/>\n<meta property=\"og:locale\" content=\"vi_VN\" \/>\n<meta property=\"og:type\" content=\"article\" \/>\n<meta property=\"og:title\" content=\"PQA S\u00e1ng Da Ng\u1ecdc T\u1ed1 N\u1eef - Thu\u1ed1c Nam\" \/>\n<meta property=\"og:description\" content=\"Cho l\u00e0n da s\u00e1ng h\u1ed3ng, m\u1ecbn m\u00e0ng, t\u01b0\u01a1i tr\u1ebb\" \/>\n<meta property=\"og:url\" content=\"https:\/\/webthuocnam.vidoweb.vn\/?product=pqa-sang-da-ngoc-to-nu\" \/>\n<meta property=\"og:site_name\" content=\"Thu\u1ed1c Nam\" \/>\n<meta property=\"article:modified_time\" content=\"2020-06-15T06:59:05+00:00\" \/>\n<meta property=\"og:image\" content=\"https:\/\/webthuocnam.vidoweb.vn\/wp-content\/uploads\/2020\/06\/pqa-sang-da-ngoc-to-nu15822737431.jpg\" \/>\n\t<meta property=\"og:image:width\" content=\"600\" \/>\n\t<meta property=\"og:image:height\" content=\"400\" \/>\n\t<meta property=\"og:image:type\" content=\"image\/jpeg\" \/>\n<meta name=\"twitter:card\" content=\"summary_large_image\" \/>\n<meta name=\"twitter:label1\" content=\"\u01af\u1edbc t\u00ednh th\u1eddi gian \u0111\u1ecdc\" \/>\n\t<meta name=\"twitter:data1\" content=\"2 ph\u00fat\" \/>\n<script type=\"application\/ld+json\" class=\"yoast-schema-graph\">{\"@context\":\"https:\\\/\\\/schema.org\",\"@graph\":[{\"@type\":\"WebPage\",\"@id\":\"https:\\\/\\\/webthuocnam.vidoweb.vn\\\/?product=pqa-sang-da-ngoc-to-nu\",\"url\":\"https:\\\/\\\/webthuocnam.vidoweb.vn\\\/?product=pqa-sang-da-ngoc-to-nu\",\"name\":\"PQA S\u00e1ng Da Ng\u1ecdc T\u1ed1 N\u1eef - Thu\u1ed1c Nam\",\"isPartOf\":{\"@id\":\"https:\\\/\\\/webthuocnam.vidoweb.vn\\\/#website\"},\"primaryImageOfPage\":{\"@id\":\"https:\\\/\\\/webthuocnam.vidoweb.vn\\\/?product=pqa-sang-da-ngoc-to-nu#primaryimage\"},\"image\":{\"@id\":\"https:\\\/\\\/webthuocnam.vidoweb.vn\\\/?product=pqa-sang-da-ngoc-to-nu#primaryimage\"},\"thumbnailUrl\":\"https:\\\/\\\/webthuocnam.vidoweb.vn\\\/wp-content\\\/uploads\\\/2020\\\/06\\\/pqa-sang-da-ngoc-to-nu15822737431.jpg\",\"datePublished\":\"2020-06-15T06:58:54+00:00\",\"dateModified\":\"2020-06-15T06:59:05+00:00\",\"breadcrumb\":{\"@id\":\"https:\\\/\\\/webthuocnam.vidoweb.vn\\\/?product=pqa-sang-da-ngoc-to-nu#breadcrumb\"},\"inLanguage\":\"vi\",\"potentialAction\":[{\"@type\":\"ReadAction\",\"target\":[\"https:\\\/\\\/webthuocnam.vidoweb.vn\\\/?product=pqa-sang-da-ngoc-to-nu\"]}]},{\"@type\":\"ImageObject\",\"inLanguage\":\"vi\",\"@id\":\"https:\\\/\\\/webthuocnam.vidoweb.vn\\\/?product=pqa-sang-da-ngoc-to-nu#primaryimage\",\"url\":\"https:\\\/\\\/webthuocnam.vidoweb.vn\\\/wp-content\\\/uploads\\\/2020\\\/06\\\/pqa-sang-da-ngoc-to-nu15822737431.jpg\",\"contentUrl\":\"https:\\\/\\\/webthuocnam.vidoweb.vn\\\/wp-content\\\/uploads\\\/2020\\\/06\\\/pqa-sang-da-ngoc-to-nu15822737431.jpg\",\"width\":600,\"height\":400},{\"@type\":\"BreadcrumbList\",\"@id\":\"https:\\\/\\\/webthuocnam.vidoweb.vn\\\/?product=pqa-sang-da-ngoc-to-nu#breadcrumb\",\"itemListElement\":[{\"@type\":\"ListItem\",\"position\":1,\"name\":\"Trang ch\u1ee7\",\"item\":\"https:\\\/\\\/webthuocnam.vidoweb.vn\\\/\"},{\"@type\":\"ListItem\",\"position\":2,\"name\":\"C\u1eeda h\u00e0ng\",\"item\":\"https:\\\/\\\/webthuocnam.vidoweb.vn\\\/?page_id=6\"},{\"@type\":\"ListItem\",\"position\":3,\"name\":\"S\u1eafc \u0111\u1eb9p\",\"item\":\"https:\\\/\\\/webthuocnam.vidoweb.vn\\\/?product_cat=sac-dep\"},{\"@type\":\"ListItem\",\"position\":4,\"name\":\"PQA S\u00e1ng Da Ng\u1ecdc T\u1ed1 N\u1eef\"}]},{\"@type\":\"WebSite\",\"@id\":\"https:\\\/\\\/webthuocnam.vidoweb.vn\\\/#website\",\"url\":\"https:\\\/\\\/webthuocnam.vidoweb.vn\\\/\",\"name\":\"Thu\u1ed1c Nam\",\"description\":\"\",\"potentialAction\":[{\"@type\":\"SearchAction\",\"target\":{\"@type\":\"EntryPoint\",\"urlTemplate\":\"https:\\\/\\\/webthuocnam.vidoweb.vn\\\/?s={search_term_string}\"},\"query-input\":{\"@type\":\"PropertyValueSpecification\",\"valueRequired\":true,\"valueName\":\"search_term_string\"}}],\"inLanguage\":\"vi\"}]}<\/script>\n<!-- \/ Yoast SEO plugin. -->","yoast_head_json":{"title":"PQA S\u00e1ng Da Ng\u1ecdc T\u1ed1 N\u1eef - Thu\u1ed1c Nam","robots":{"index":"noindex","follow":"follow","max-snippet":"max-snippet:-1","max-image-preview":"max-image-preview:large","max-video-preview":"max-video-preview:-1"},"og_locale":"vi_VN","og_type":"article","og_title":"PQA S\u00e1ng Da Ng\u1ecdc T\u1ed1 N\u1eef - Thu\u1ed1c Nam","og_description":"Cho l\u00e0n da s\u00e1ng h\u1ed3ng, m\u1ecbn m\u00e0ng, t\u01b0\u01a1i tr\u1ebb","og_url":"https:\/\/webthuocnam.vidoweb.vn\/?product=pqa-sang-da-ngoc-to-nu","og_site_name":"Thu\u1ed1c Nam","article_modified_time":"2020-06-15T06:59:05+00:00","og_image":[{"width":600,"height":400,"url":"https:\/\/webthuocnam.vidoweb.vn\/wp-content\/uploads\/2020\/06\/pqa-sang-da-ngoc-to-nu15822737431.jpg","type":"image\/jpeg"}],"twitter_card":"summary_large_image","twitter_misc":{"\u01af\u1edbc t\u00ednh th\u1eddi gian \u0111\u1ecdc":"2 ph\u00fat"},"schema":{"@context":"https:\/\/schema.org","@graph":[{"@type":"WebPage","@id":"https:\/\/webthuocnam.vidoweb.vn\/?product=pqa-sang-da-ngoc-to-nu","url":"https:\/\/webthuocnam.vidoweb.vn\/?product=pqa-sang-da-ngoc-to-nu","name":"PQA S\u00e1ng Da Ng\u1ecdc T\u1ed1 N\u1eef - Thu\u1ed1c Nam","isPartOf":{"@id":"https:\/\/webthuocnam.vidoweb.vn\/#website"},"primaryImageOfPage":{"@id":"https:\/\/webthuocnam.vidoweb.vn\/?product=pqa-sang-da-ngoc-to-nu#primaryimage"},"image":{"@id":"https:\/\/webthuocnam.vidoweb.vn\/?product=pqa-sang-da-ngoc-to-nu#primaryimage"},"thumbnailUrl":"https:\/\/webthuocnam.vidoweb.vn\/wp-content\/uploads\/2020\/06\/pqa-sang-da-ngoc-to-nu15822737431.jpg","datePublished":"2020-06-15T06:58:54+00:00","dateModified":"2020-06-15T06:59:05+00:00","breadcrumb":{"@id":"https:\/\/webthuocnam.vidoweb.vn\/?product=pqa-sang-da-ngoc-to-nu#breadcrumb"},"inLanguage":"vi","potentialAction":[{"@type":"ReadAction","target":["https:\/\/webthuocnam.vidoweb.vn\/?product=pqa-sang-da-ngoc-to-nu"]}]},{"@type":"ImageObject","inLanguage":"vi","@id":"https:\/\/webthuocnam.vidoweb.vn\/?product=pqa-sang-da-ngoc-to-nu#primaryimage","url":"https:\/\/webthuocnam.vidoweb.vn\/wp-content\/uploads\/2020\/06\/pqa-sang-da-ngoc-to-nu15822737431.jpg","contentUrl":"https:\/\/webthuocnam.vidoweb.vn\/wp-content\/uploads\/2020\/06\/pqa-sang-da-ngoc-to-nu15822737431.jpg","width":600,"height":400},{"@type":"BreadcrumbList","@id":"https:\/\/webthuocnam.vidoweb.vn\/?product=pqa-sang-da-ngoc-to-nu#breadcrumb","itemListElement":[{"@type":"ListItem","position":1,"name":"Trang ch\u1ee7","item":"https:\/\/webthuocnam.vidoweb.vn\/"},{"@type":"ListItem","position":2,"name":"C\u1eeda h\u00e0ng","item":"https:\/\/webthuocnam.vidoweb.vn\/?page_id=6"},{"@type":"ListItem","position":3,"name":"S\u1eafc \u0111\u1eb9p","item":"https:\/\/webthuocnam.vidoweb.vn\/?product_cat=sac-dep"},{"@type":"ListItem","position":4,"name":"PQA S\u00e1ng Da Ng\u1ecdc T\u1ed1 N\u1eef"}]},{"@type":"WebSite","@id":"https:\/\/webthuocnam.vidoweb.vn\/#website","url":"https:\/\/webthuocnam.vidoweb.vn\/","name":"Thu\u1ed1c Nam","description":"","potentialAction":[{"@type":"SearchAction","target":{"@type":"EntryPoint","urlTemplate":"https:\/\/webthuocnam.vidoweb.vn\/?s={search_term_string}"},"query-input":{"@type":"PropertyValueSpecification","valueRequired":true,"valueName":"search_term_string"}}],"inLanguage":"vi"}]}},"_links":{"self":[{"href":"https:\/\/webthuocnam.vidoweb.vn\/index.php?rest_route=\/wp\/v2\/product\/182","targetHints":{"allow":["GET"]}}],"collection":[{"href":"https:\/\/webthuocnam.vidoweb.vn\/index.php?rest_route=\/wp\/v2\/product"}],"about":[{"href":"https:\/\/webthuocnam.vidoweb.vn\/index.php?rest_route=\/wp\/v2\/types\/product"}],"replies":[{"embeddable":true,"href":"https:\/\/webthuocnam.vidoweb.vn\/index.php?rest_route=%2Fwp%2Fv2%2Fcomments&post=182"}],"wp:featuredmedia":[{"embeddable":true,"href":"https:\/\/webthuocnam.vidoweb.vn\/index.php?rest_route=\/wp\/v2\/media\/183"}],"wp:attachment":[{"href":"https:\/\/webthuocnam.vidoweb.vn\/index.php?rest_route=%2Fwp%2Fv2%2Fmedia&parent=182"}],"wp:term":[{"taxonomy":"product_brand","embeddable":true,"href":"https:\/\/webthuocnam.vidoweb.vn\/index.php?rest_route=%2Fwp%2Fv2%2Fproduct_brand&post=182"},{"taxonomy":"product_cat","embeddable":true,"href":"https:\/\/webthuocnam.vidoweb.vn\/index.php?rest_route=%2Fwp%2Fv2%2Fproduct_cat&post=182"},{"taxonomy":"product_tag","embeddable":true,"href":"https:\/\/webthuocnam.vidoweb.vn\/index.php?rest_route=%2Fwp%2Fv2%2Fproduct_tag&post=182"}],"curies":[{"name":"wp","href":"https:\/\/api.w.org\/{rel}","templated":true}]}}